{"id":3682,"date":"2025-02-25T15:19:43","date_gmt":"2025-02-25T15:19:43","guid":{"rendered":"https:\/\/welcome-prints.com\/produit\/louis-blanc\/"},"modified":"2026-05-06T12:57:06","modified_gmt":"2026-05-06T12:57:06","slug":"louis-blanc","status":"publish","type":"product","link":"https:\/\/welcome-prints.com\/en\/produit\/louis-blanc\/","title":{"rendered":"Louis Blanc"},"content":{"rendered":"<p>Issu de la s\u00e9rie &#8220;Les Parisiens&#8221;,  personnages bigarr\u00e9s captur\u00e9s dans le m\u00e9tro ou \u00e0 la terrasse des caf\u00e9s, imprim\u00e9s \u00e0 15 exemplaires.<br \/>\nImpression en deux couleurs<\/p>\n","protected":false},"excerpt":{"rendered":"<p>Issu de la s\u00e9rie &#8220;Les Parisiens&#8221;, personnages bigarr\u00e9s captur\u00e9s dans le m\u00e9tro ou \u00e0 la terrasse des caf\u00e9s, imprim\u00e9s \u00e0 15 exemplaires. Impression en deux couleurs<\/p>\n","protected":false},"featured_media":3729,"template":"","meta":{"_acf_changed":false},"product_brand":[],"product_cat":[305,206,210,213,196,306,215,200],"product_tag":[],"class_list":{"0":"post-3682","1":"product","2":"type-product","3":"status-publish","4":"has-post-thumbnail","6":"product_cat-305","7":"product_cat-aquatinte","8":"product_cat-eau-forte","9":"product_cat-format","10":"product_cat-france","11":"product_cat-geraldine-garcon","12":"product_cat-moyen","13":"product_cat-portrait","15":"first","16":"instock","17":"shipping-taxable","18":"purchasable","19":"product-type-simple"},"acf":[],"_links":{"self":[{"href":"https:\/\/welcome-prints.com\/en\/wp-json\/wp\/v2\/product\/3682","targetHints":{"allow":["GET"]}}],"collection":[{"href":"https:\/\/welcome-prints.com\/en\/wp-json\/wp\/v2\/product"}],"about":[{"href":"https:\/\/welcome-prints.com\/en\/wp-json\/wp\/v2\/types\/product"}],"wp:featuredmedia":[{"embeddable":true,"href":"https:\/\/welcome-prints.com\/en\/wp-json\/wp\/v2\/media\/3729"}],"wp:attachment":[{"href":"https:\/\/welcome-prints.com\/en\/wp-json\/wp\/v2\/media?parent=3682"}],"wp:term":[{"taxonomy":"product_brand","embeddable":true,"href":"https:\/\/welcome-prints.com\/en\/wp-json\/wp\/v2\/product_brand?post=3682"},{"taxonomy":"product_cat","embeddable":true,"href":"https:\/\/welcome-prints.com\/en\/wp-json\/wp\/v2\/product_cat?post=3682"},{"taxonomy":"product_tag","embeddable":true,"href":"https:\/\/welcome-prints.com\/en\/wp-json\/wp\/v2\/product_tag?post=3682"}],"curies":[{"name":"wp","href":"https:\/\/api.w.org\/{rel}","templated":true}]}}