{"id":3680,"date":"2025-02-25T15:16:33","date_gmt":"2025-02-25T15:16:33","guid":{"rendered":"https:\/\/welcome-prints.com\/produit\/cite-universitaire\/"},"modified":"2026-05-06T15:03:49","modified_gmt":"2026-05-06T15:03:49","slug":"cite-universitaire","status":"publish","type":"product","link":"https:\/\/welcome-prints.com\/en\/produit\/cite-universitaire\/","title":{"rendered":"Cit\u00e9 Universitaire"},"content":{"rendered":"<p>Issu de la s\u00e9rie &#8220;Les Parisiens&#8221;,  personnages bigarr\u00e9s captur\u00e9s dans le m\u00e9tro ou \u00e0 la terrasse des caf\u00e9s, imprim\u00e9s \u00e0 15 exemplaires.<\/p>\n","protected":false},"excerpt":{"rendered":"<p>Issu de la s\u00e9rie &#8220;Les Parisiens&#8221;, personnages bigarr\u00e9s captur\u00e9s dans le m\u00e9tro ou \u00e0 la terrasse des caf\u00e9s, imprim\u00e9s \u00e0 15 exemplaires.<\/p>\n","protected":false},"featured_media":3730,"template":"","meta":{"_acf_changed":false},"product_brand":[],"product_cat":[305,206,210,213,196,306,215,200],"product_tag":[],"class_list":{"0":"post-3680","1":"product","2":"type-product","3":"status-publish","4":"has-post-thumbnail","6":"product_cat-305","7":"product_cat-aquatinte","8":"product_cat-eau-forte","9":"product_cat-format","10":"product_cat-france","11":"product_cat-geraldine-garcon","12":"product_cat-moyen","13":"product_cat-portrait","15":"first","16":"instock","17":"shipping-taxable","18":"purchasable","19":"product-type-simple"},"acf":[],"_links":{"self":[{"href":"https:\/\/welcome-prints.com\/en\/wp-json\/wp\/v2\/product\/3680","targetHints":{"allow":["GET"]}}],"collection":[{"href":"https:\/\/welcome-prints.com\/en\/wp-json\/wp\/v2\/product"}],"about":[{"href":"https:\/\/welcome-prints.com\/en\/wp-json\/wp\/v2\/types\/product"}],"wp:featuredmedia":[{"embeddable":true,"href":"https:\/\/welcome-prints.com\/en\/wp-json\/wp\/v2\/media\/3730"}],"wp:attachment":[{"href":"https:\/\/welcome-prints.com\/en\/wp-json\/wp\/v2\/media?parent=3680"}],"wp:term":[{"taxonomy":"product_brand","embeddable":true,"href":"https:\/\/welcome-prints.com\/en\/wp-json\/wp\/v2\/product_brand?post=3680"},{"taxonomy":"product_cat","embeddable":true,"href":"https:\/\/welcome-prints.com\/en\/wp-json\/wp\/v2\/product_cat?post=3680"},{"taxonomy":"product_tag","embeddable":true,"href":"https:\/\/welcome-prints.com\/en\/wp-json\/wp\/v2\/product_tag?post=3680"}],"curies":[{"name":"wp","href":"https:\/\/api.w.org\/{rel}","templated":true}]}}