{"id":3678,"date":"2025-02-25T15:14:07","date_gmt":"2025-02-25T15:14:07","guid":{"rendered":"https:\/\/welcome-prints.com\/produit\/commerce\/"},"modified":"2026-05-06T10:04:20","modified_gmt":"2026-05-06T10:04:20","slug":"commerce","status":"publish","type":"product","link":"https:\/\/welcome-prints.com\/en\/produit\/commerce\/","title":{"rendered":"Commerce"},"content":{"rendered":"<p>Issu de la s\u00e9rie &#8220;Les Parisiens&#8221;,  personnages bigarr\u00e9s captur\u00e9s dans le m\u00e9tro ou \u00e0 la terrasse des caf\u00e9s, imprim\u00e9s \u00e0 15 exemplaires.<br \/>\nApplication de chine coll\u00e9<\/p>\n","protected":false},"excerpt":{"rendered":"<p>Issu de la s\u00e9rie &#8220;Les Parisiens&#8221;, personnages bigarr\u00e9s captur\u00e9s dans le m\u00e9tro ou \u00e0 la terrasse des caf\u00e9s, imprim\u00e9s \u00e0 15 exemplaires. Application de chine coll\u00e9<\/p>\n","protected":false},"featured_media":3731,"template":"","meta":{"_acf_changed":false},"product_brand":[],"product_cat":[305,213,306,215,198,200],"product_tag":[],"class_list":{"0":"post-3678","1":"product","2":"type-product","3":"status-publish","4":"has-post-thumbnail","6":"product_cat-305","7":"product_cat-format","8":"product_cat-geraldine-garcon","9":"product_cat-moyen","10":"product_cat-orientation","11":"product_cat-portrait","13":"first","14":"instock","15":"shipping-taxable","16":"purchasable","17":"product-type-simple"},"acf":[],"_links":{"self":[{"href":"https:\/\/welcome-prints.com\/en\/wp-json\/wp\/v2\/product\/3678","targetHints":{"allow":["GET"]}}],"collection":[{"href":"https:\/\/welcome-prints.com\/en\/wp-json\/wp\/v2\/product"}],"about":[{"href":"https:\/\/welcome-prints.com\/en\/wp-json\/wp\/v2\/types\/product"}],"wp:featuredmedia":[{"embeddable":true,"href":"https:\/\/welcome-prints.com\/en\/wp-json\/wp\/v2\/media\/3731"}],"wp:attachment":[{"href":"https:\/\/welcome-prints.com\/en\/wp-json\/wp\/v2\/media?parent=3678"}],"wp:term":[{"taxonomy":"product_brand","embeddable":true,"href":"https:\/\/welcome-prints.com\/en\/wp-json\/wp\/v2\/product_brand?post=3678"},{"taxonomy":"product_cat","embeddable":true,"href":"https:\/\/welcome-prints.com\/en\/wp-json\/wp\/v2\/product_cat?post=3678"},{"taxonomy":"product_tag","embeddable":true,"href":"https:\/\/welcome-prints.com\/en\/wp-json\/wp\/v2\/product_tag?post=3678"}],"curies":[{"name":"wp","href":"https:\/\/api.w.org\/{rel}","templated":true}]}}