{"id":3676,"date":"2025-02-25T15:07:55","date_gmt":"2025-02-25T15:07:55","guid":{"rendered":"https:\/\/welcome-prints.com\/produit\/pere-lachaise\/"},"modified":"2026-05-06T15:49:20","modified_gmt":"2026-05-06T15:49:20","slug":"pere-lachaise","status":"publish","type":"product","link":"https:\/\/welcome-prints.com\/en\/produit\/pere-lachaise\/","title":{"rendered":"P\u00e8re Lachaise"},"content":{"rendered":"<p>Issu de la s\u00e9rie &#8220;Les Parisiens&#8221;,  personnages bigarr\u00e9s captur\u00e9s dans le m\u00e9tro ou \u00e0 la terrasse des caf\u00e9s, imprim\u00e9s \u00e0 15 exemplaires.<\/p>\n","protected":false},"excerpt":{"rendered":"<p>Issu de la s\u00e9rie &#8220;Les Parisiens&#8221;, personnages bigarr\u00e9s captur\u00e9s dans le m\u00e9tro ou \u00e0 la terrasse des caf\u00e9s, imprim\u00e9s \u00e0 15 exemplaires.<\/p>\n","protected":false},"featured_media":3732,"template":"","meta":{"_acf_changed":false},"product_brand":[],"product_cat":[305,206,191,210,213,196,306,215,198,195,200,197,259],"product_tag":[],"class_list":{"0":"post-3676","1":"product","2":"type-product","3":"status-publish","4":"has-post-thumbnail","6":"product_cat-305","7":"product_cat-aquatinte","8":"product_cat-artistes","9":"product_cat-eau-forte","10":"product_cat-format","11":"product_cat-france","12":"product_cat-geraldine-garcon","13":"product_cat-moyen","14":"product_cat-orientation","15":"product_cat-pays","16":"product_cat-portrait","17":"product_cat-technique","18":"product_cat-vernis-mou","20":"first","21":"instock","22":"shipping-taxable","23":"purchasable","24":"product-type-simple"},"acf":[],"_links":{"self":[{"href":"https:\/\/welcome-prints.com\/en\/wp-json\/wp\/v2\/product\/3676","targetHints":{"allow":["GET"]}}],"collection":[{"href":"https:\/\/welcome-prints.com\/en\/wp-json\/wp\/v2\/product"}],"about":[{"href":"https:\/\/welcome-prints.com\/en\/wp-json\/wp\/v2\/types\/product"}],"wp:featuredmedia":[{"embeddable":true,"href":"https:\/\/welcome-prints.com\/en\/wp-json\/wp\/v2\/media\/3732"}],"wp:attachment":[{"href":"https:\/\/welcome-prints.com\/en\/wp-json\/wp\/v2\/media?parent=3676"}],"wp:term":[{"taxonomy":"product_brand","embeddable":true,"href":"https:\/\/welcome-prints.com\/en\/wp-json\/wp\/v2\/product_brand?post=3676"},{"taxonomy":"product_cat","embeddable":true,"href":"https:\/\/welcome-prints.com\/en\/wp-json\/wp\/v2\/product_cat?post=3676"},{"taxonomy":"product_tag","embeddable":true,"href":"https:\/\/welcome-prints.com\/en\/wp-json\/wp\/v2\/product_tag?post=3676"}],"curies":[{"name":"wp","href":"https:\/\/api.w.org\/{rel}","templated":true}]}}