{"id":3670,"date":"2025-02-24T20:08:47","date_gmt":"2025-02-24T20:08:47","guid":{"rendered":"https:\/\/welcome-prints.com\/produit\/nebulosite\/"},"modified":"2026-04-09T23:16:36","modified_gmt":"2026-04-09T23:16:36","slug":"nebulosite","status":"publish","type":"product","link":"https:\/\/welcome-prints.com\/en\/produit\/nebulosite\/","title":{"rendered":"N\u00c9BULOSIT\u00c9"},"content":{"rendered":"<p>Burin sur cuivre, tirage sur chine coll\u00e9 et incisioni<br \/>\n30 exemplaires num\u00e9rot\u00e9s et sign\u00e9s<\/p>\n","protected":false},"excerpt":{"rendered":"<p>Burin sur cuivre, tirage sur chine coll\u00e9 et incisioni 30 exemplaires num\u00e9rot\u00e9s et sign\u00e9s<\/p>\n","protected":false},"featured_media":3693,"template":"","meta":{"_acf_changed":false},"product_brand":[],"product_cat":[226,251,215,200],"product_tag":[],"class_list":{"0":"post-3670","1":"product","2":"type-product","3":"status-publish","4":"has-post-thumbnail","6":"product_cat-226","7":"product_cat-fanny-bazille","8":"product_cat-moyen","9":"product_cat-portrait","11":"first","12":"instock","13":"shipping-taxable","14":"purchasable","15":"product-type-simple"},"acf":[],"_links":{"self":[{"href":"https:\/\/welcome-prints.com\/en\/wp-json\/wp\/v2\/product\/3670","targetHints":{"allow":["GET"]}}],"collection":[{"href":"https:\/\/welcome-prints.com\/en\/wp-json\/wp\/v2\/product"}],"about":[{"href":"https:\/\/welcome-prints.com\/en\/wp-json\/wp\/v2\/types\/product"}],"wp:featuredmedia":[{"embeddable":true,"href":"https:\/\/welcome-prints.com\/en\/wp-json\/wp\/v2\/media\/3693"}],"wp:attachment":[{"href":"https:\/\/welcome-prints.com\/en\/wp-json\/wp\/v2\/media?parent=3670"}],"wp:term":[{"taxonomy":"product_brand","embeddable":true,"href":"https:\/\/welcome-prints.com\/en\/wp-json\/wp\/v2\/product_brand?post=3670"},{"taxonomy":"product_cat","embeddable":true,"href":"https:\/\/welcome-prints.com\/en\/wp-json\/wp\/v2\/product_cat?post=3670"},{"taxonomy":"product_tag","embeddable":true,"href":"https:\/\/welcome-prints.com\/en\/wp-json\/wp\/v2\/product_tag?post=3670"}],"curies":[{"name":"wp","href":"https:\/\/api.w.org\/{rel}","templated":true}]}}