{"id":3666,"date":"2025-02-24T19:37:54","date_gmt":"2025-02-24T19:37:54","guid":{"rendered":"https:\/\/welcome-prints.com\/produit\/anthese\/"},"modified":"2026-04-09T15:20:29","modified_gmt":"2026-04-09T15:20:29","slug":"anthese","status":"publish","type":"product","link":"https:\/\/welcome-prints.com\/en\/produit\/anthese\/","title":{"rendered":"ANTH\u00c8SE"},"content":{"rendered":"<p>Gravure au burin sur cuivre circulaire de 3O cm ,<br \/>\ntirage limit\u00e9 \u00e0 15 exemplaires sign\u00e9s et num\u00e9rot\u00e9s<\/p>\n","protected":false},"excerpt":{"rendered":"<p>Gravure au burin sur cuivre circulaire de 3O cm , tirage limit\u00e9 \u00e0 15 exemplaires sign\u00e9s et num\u00e9rot\u00e9s<\/p>\n","protected":false},"featured_media":3664,"template":"","meta":{"_acf_changed":false},"product_brand":[],"product_cat":[212,202,251,216],"product_tag":[],"class_list":{"0":"post-3666","1":"product","2":"type-product","3":"status-publish","4":"has-post-thumbnail","6":"product_cat-212","7":"product_cat-carre","8":"product_cat-fanny-bazille","9":"product_cat-grand","11":"first","12":"instock","13":"shipping-taxable","14":"purchasable","15":"product-type-simple"},"acf":[],"_links":{"self":[{"href":"https:\/\/welcome-prints.com\/en\/wp-json\/wp\/v2\/product\/3666","targetHints":{"allow":["GET"]}}],"collection":[{"href":"https:\/\/welcome-prints.com\/en\/wp-json\/wp\/v2\/product"}],"about":[{"href":"https:\/\/welcome-prints.com\/en\/wp-json\/wp\/v2\/types\/product"}],"wp:featuredmedia":[{"embeddable":true,"href":"https:\/\/welcome-prints.com\/en\/wp-json\/wp\/v2\/media\/3664"}],"wp:attachment":[{"href":"https:\/\/welcome-prints.com\/en\/wp-json\/wp\/v2\/media?parent=3666"}],"wp:term":[{"taxonomy":"product_brand","embeddable":true,"href":"https:\/\/welcome-prints.com\/en\/wp-json\/wp\/v2\/product_brand?post=3666"},{"taxonomy":"product_cat","embeddable":true,"href":"https:\/\/welcome-prints.com\/en\/wp-json\/wp\/v2\/product_cat?post=3666"},{"taxonomy":"product_tag","embeddable":true,"href":"https:\/\/welcome-prints.com\/en\/wp-json\/wp\/v2\/product_tag?post=3666"}],"curies":[{"name":"wp","href":"https:\/\/api.w.org\/{rel}","templated":true}]}}