{"id":3663,"date":"2025-02-24T19:19:39","date_gmt":"2025-02-24T19:19:39","guid":{"rendered":"https:\/\/welcome-prints.com\/produit\/ce-que-je-suis\/"},"modified":"2026-04-09T20:59:32","modified_gmt":"2026-04-09T20:59:32","slug":"ce-que-je-suis","status":"publish","type":"product","link":"https:\/\/welcome-prints.com\/en\/produit\/ce-que-je-suis\/","title":{"rendered":"CE QUE JE SUIS"},"content":{"rendered":"<p>Gravure au burin sur cuivre, tirage sur papier Hahnem\u00fcle<br \/>\nde 40X60 cm, tirage \u00e0 10 exemplaires num\u00e9rot\u00e9 et sign\u00e9<\/p>\n","protected":false},"excerpt":{"rendered":"<p>Gravure au burin sur cuivre, tirage sur papier Hahnem\u00fcle de 40X60 cm, tirage \u00e0 10 exemplaires num\u00e9rot\u00e9 et sign\u00e9<\/p>\n","protected":false},"featured_media":3662,"template":"","meta":{"_acf_changed":false},"product_brand":[],"product_cat":[212,251,216,200],"product_tag":[],"class_list":{"0":"post-3663","1":"product","2":"type-product","3":"status-publish","4":"has-post-thumbnail","6":"product_cat-212","7":"product_cat-fanny-bazille","8":"product_cat-grand","9":"product_cat-portrait","11":"first","12":"instock","13":"shipping-taxable","14":"purchasable","15":"product-type-simple"},"acf":[],"_links":{"self":[{"href":"https:\/\/welcome-prints.com\/en\/wp-json\/wp\/v2\/product\/3663","targetHints":{"allow":["GET"]}}],"collection":[{"href":"https:\/\/welcome-prints.com\/en\/wp-json\/wp\/v2\/product"}],"about":[{"href":"https:\/\/welcome-prints.com\/en\/wp-json\/wp\/v2\/types\/product"}],"wp:featuredmedia":[{"embeddable":true,"href":"https:\/\/welcome-prints.com\/en\/wp-json\/wp\/v2\/media\/3662"}],"wp:attachment":[{"href":"https:\/\/welcome-prints.com\/en\/wp-json\/wp\/v2\/media?parent=3663"}],"wp:term":[{"taxonomy":"product_brand","embeddable":true,"href":"https:\/\/welcome-prints.com\/en\/wp-json\/wp\/v2\/product_brand?post=3663"},{"taxonomy":"product_cat","embeddable":true,"href":"https:\/\/welcome-prints.com\/en\/wp-json\/wp\/v2\/product_cat?post=3663"},{"taxonomy":"product_tag","embeddable":true,"href":"https:\/\/welcome-prints.com\/en\/wp-json\/wp\/v2\/product_tag?post=3663"}],"curies":[{"name":"wp","href":"https:\/\/api.w.org\/{rel}","templated":true}]}}