{"id":3655,"date":"2025-02-13T21:30:50","date_gmt":"2025-02-13T21:30:50","guid":{"rendered":"https:\/\/welcome-prints.com\/produit\/sans-titre-13\/"},"modified":"2026-04-09T13:46:20","modified_gmt":"2026-04-09T13:46:20","slug":"sans-titre-13","status":"publish","type":"product","link":"https:\/\/welcome-prints.com\/en\/produit\/sans-titre-13\/","title":{"rendered":"Sans titre"},"content":{"rendered":"<p>Lithographie originale sur papier Fabriano 220g<br \/>\n\u00c9dition num\u00e9rot\u00e9e \u00e0 5 exemplaires<br \/>\n50 \u00d7 35 cm<br \/>\nSign\u00e9e et num\u00e9rot\u00e9e au crayon par l&#8217;artiste, tampon sec de l&#8217;atelier<\/p>\n<p>C\u00e9cile Gambini, n\u00e9e \u00e0 Grasse le 24 juin 1973, est une auteure et illustratrice de litt\u00e9rature jeunesse fran\u00e7aise.<\/p>\n<p>Elle a \u00e9tudi\u00e9 \u00e0 l&#8217;\u00e9cole des Beaux-Arts d&#8217;Aix-en-Provence et \u00e0 l&#8217;\u00c9cole sup\u00e9rieure des arts d\u00e9coratifs de Strasbourg. Elle \u00e9crit et illustre des livres pour enfants depuis 1997.<\/p>\n<p>Elle illustre \u00e9galement des textes d&#8217;autres auteurs, dont St\u00e9phane Servant, et elle est publi\u00e9e chez de nombreux \u00e9diteurs jeunesse, tels Milan, Nathan, L&#8217;Atelier du poisson soluble, Didier Jeunesse ou Rue du Monde.<\/p>\n","protected":false},"excerpt":{"rendered":"<p>Lithographie originale sur papier Fabriano 220g \u00c9dition num\u00e9rot\u00e9e \u00e0 5 exemplaires 50 \u00d7 35 cm Sign\u00e9e et num\u00e9rot\u00e9e au crayon par l&#8217;artiste, tampon sec de l&#8217;atelier C\u00e9cile Gambini, n\u00e9e \u00e0 Grasse le 24 juin 1973, est une auteure et illustratrice de litt\u00e9rature jeunesse fran\u00e7aise. Elle a \u00e9tudi\u00e9 \u00e0 l&#8217;\u00e9cole des Beaux-Arts d&#8217;Aix-en-Provence et \u00e0 l&#8217;\u00c9cole [&hellip;]<\/p>\n","protected":false},"featured_media":3650,"template":"","meta":{"_acf_changed":false},"product_brand":[],"product_cat":[225,193,191,300,213,196,216,204,198,195,200,197,192],"product_tag":[],"class_list":{"0":"post-3655","1":"product","2":"type-product","3":"status-publish","4":"has-post-thumbnail","6":"product_cat-225","7":"product_cat-annees","8":"product_cat-artistes","9":"product_cat-cecile-gambini","10":"product_cat-format","11":"product_cat-france","12":"product_cat-grand","13":"product_cat-lithographie","14":"product_cat-orientation","15":"product_cat-pays","16":"product_cat-portrait","17":"product_cat-technique","18":"product_cat-un-artiste","20":"first","21":"instock","22":"shipping-taxable","23":"purchasable","24":"product-type-simple"},"acf":[],"_links":{"self":[{"href":"https:\/\/welcome-prints.com\/en\/wp-json\/wp\/v2\/product\/3655","targetHints":{"allow":["GET"]}}],"collection":[{"href":"https:\/\/welcome-prints.com\/en\/wp-json\/wp\/v2\/product"}],"about":[{"href":"https:\/\/welcome-prints.com\/en\/wp-json\/wp\/v2\/types\/product"}],"wp:featuredmedia":[{"embeddable":true,"href":"https:\/\/welcome-prints.com\/en\/wp-json\/wp\/v2\/media\/3650"}],"wp:attachment":[{"href":"https:\/\/welcome-prints.com\/en\/wp-json\/wp\/v2\/media?parent=3655"}],"wp:term":[{"taxonomy":"product_brand","embeddable":true,"href":"https:\/\/welcome-prints.com\/en\/wp-json\/wp\/v2\/product_brand?post=3655"},{"taxonomy":"product_cat","embeddable":true,"href":"https:\/\/welcome-prints.com\/en\/wp-json\/wp\/v2\/product_cat?post=3655"},{"taxonomy":"product_tag","embeddable":true,"href":"https:\/\/welcome-prints.com\/en\/wp-json\/wp\/v2\/product_tag?post=3655"}],"curies":[{"name":"wp","href":"https:\/\/api.w.org\/{rel}","templated":true}]}}