{"id":3649,"date":"2025-02-12T19:02:59","date_gmt":"2025-02-12T19:02:59","guid":{"rendered":"https:\/\/welcome-prints.com\/produit\/selene-%c2%b7-%cf%83%ce%b5%ce%bb%ce%ae%ce%bd%ce%b7\/"},"modified":"2026-05-06T16:49:34","modified_gmt":"2026-05-06T16:49:34","slug":"selene-%c2%b7-%cf%83%ce%b5%ce%bb%ce%ae%ce%bd%ce%b7","status":"publish","type":"product","link":"https:\/\/welcome-prints.com\/en\/produit\/selene-%c2%b7-%cf%83%ce%b5%ce%bb%ce%ae%ce%bd%ce%b7\/","title":{"rendered":"Selene \u00b7 \u03a3\u03b5\u03bb\u03ae\u03bd\u03b7"},"content":{"rendered":"<p>\u00ab La nuit est venue : elle a calm\u00e9 les soucis des hommes et les \u00e9lans d\u00e9sordonn\u00e9s des b\u00eates sauvages, et envelopp\u00e9 les cieux de son noir manteau. \u00bb (Stace, Th\u00e9ba\u00efde, III.)<\/p>\n<p>Gravure taille-douce imprim\u00e9e sur papier Hahnem\u00fchle blanc antique.<br \/>\nTitr\u00e9e, num\u00e9rot\u00e9e et sign\u00e9e \u00e0 la main par l\u2019artiste.<br \/>\n\u00c9dition limit\u00e9e \u00e0 trente-six exemplaires.<\/p>\n<p>Artiste-graveur : Hyacinthus<br \/>\nImprimeur : Matthieu Perramant, aux ateliers Moret (Paris).<\/p>\n<p>\u00a9 Yacine Gouaref, dit Hyacinthus, ADAGP, 2025, Paris.<\/p>\n","protected":false},"excerpt":{"rendered":"<p>\u00ab La nuit est venue : elle a calm\u00e9 les soucis des hommes et les \u00e9lans d\u00e9sordonn\u00e9s des b\u00eates sauvages, et envelopp\u00e9 les cieux de son noir manteau. \u00bb (Stace, Th\u00e9ba\u00efde, III.) Gravure taille-douce imprim\u00e9e sur papier Hahnem\u00fchle blanc antique. Titr\u00e9e, num\u00e9rot\u00e9e et sign\u00e9e \u00e0 la main par l\u2019artiste. \u00c9dition limit\u00e9e \u00e0 trente-six exemplaires. Artiste-graveur [&hellip;]<\/p>\n","protected":false},"featured_media":5863,"template":"","meta":{"_acf_changed":false},"product_brand":[],"product_cat":[225,206,210,196,299,214,211,200,248],"product_tag":[],"class_list":{"0":"post-3649","1":"product","2":"type-product","3":"status-publish","4":"has-post-thumbnail","6":"product_cat-225","7":"product_cat-aquatinte","8":"product_cat-eau-forte","9":"product_cat-france","10":"product_cat-hyacinthus","11":"product_cat-petit","12":"product_cat-pointe-seche","13":"product_cat-portrait","14":"product_cat-techniques-mixtes","16":"first","17":"instock","18":"shipping-taxable","19":"purchasable","20":"product-type-simple"},"acf":[],"_links":{"self":[{"href":"https:\/\/welcome-prints.com\/en\/wp-json\/wp\/v2\/product\/3649","targetHints":{"allow":["GET"]}}],"collection":[{"href":"https:\/\/welcome-prints.com\/en\/wp-json\/wp\/v2\/product"}],"about":[{"href":"https:\/\/welcome-prints.com\/en\/wp-json\/wp\/v2\/types\/product"}],"wp:featuredmedia":[{"embeddable":true,"href":"https:\/\/welcome-prints.com\/en\/wp-json\/wp\/v2\/media\/5863"}],"wp:attachment":[{"href":"https:\/\/welcome-prints.com\/en\/wp-json\/wp\/v2\/media?parent=3649"}],"wp:term":[{"taxonomy":"product_brand","embeddable":true,"href":"https:\/\/welcome-prints.com\/en\/wp-json\/wp\/v2\/product_brand?post=3649"},{"taxonomy":"product_cat","embeddable":true,"href":"https:\/\/welcome-prints.com\/en\/wp-json\/wp\/v2\/product_cat?post=3649"},{"taxonomy":"product_tag","embeddable":true,"href":"https:\/\/welcome-prints.com\/en\/wp-json\/wp\/v2\/product_tag?post=3649"}],"curies":[{"name":"wp","href":"https:\/\/api.w.org\/{rel}","templated":true}]}}