{"id":3645,"date":"2025-02-12T09:37:20","date_gmt":"2025-02-12T09:37:20","guid":{"rendered":"https:\/\/welcome-prints.com\/produit\/beaute-sans-fard\/"},"modified":"2026-04-09T21:33:19","modified_gmt":"2026-04-09T21:33:19","slug":"beaute-sans-fard","status":"publish","type":"product","link":"https:\/\/welcome-prints.com\/en\/produit\/beaute-sans-fard\/","title":{"rendered":"Beaut\u00e9 sans fard."},"content":{"rendered":"<p>Au cours des 3 derni\u00e8res ann\u00e9es j&#8217;ai entretenue un dialogue quotidien avec Suzanne Valadon. Ce t\u00eate-\u00e0-t\u00eate a donn\u00e9 naissance \u00e0 une s\u00e9rie de 150 gravures.<\/p>\n<p>Beaut\u00e9 sans fard<br \/>\nH\u00e9l\u00e8ne est ext\u00e9nu\u00e9e.<br \/>\nSa journ\u00e9e l\u2019a \u00e9puis\u00e9e.<br \/>\nPourtant, elle ne renoncerait<br \/>\npour rien au monde \u00e0 ce moment.<br \/>\nSous la douche, elle retrouve son intimit\u00e9<br \/>\nElle se lave de ses ennuis<\/p>\n<p>Seule dans sa salle de bain,<br \/>\nelle contemple ce corps ab\u00eem\u00e9 par les ann\u00e9es.<br \/>\nEt accepte ses cicatrices.<br \/>\nElles lui rappellent que les ann\u00e9es<br \/>\nont apais\u00e9 ses peurs.<br \/>\nPour \u00eatre d\u00e9sir\u00e9e,<br \/>\nelle n\u2019a plus besoin de s\u2019exposer<br \/>\nelle n\u2019a plus \u00e0 maquiller sa beaut\u00e9<br \/>\npour l\u2019amplifier.<br \/>\nElle peut enfin s\u2019aimer et \u00eatre aim\u00e9e<br \/>\npour ce qu\u2019elle a toujours \u00e9t\u00e9.<\/p>\n","protected":false},"excerpt":{"rendered":"<p>Au cours des 3 derni\u00e8res ann\u00e9es j&#8217;ai entretenue un dialogue quotidien avec Suzanne Valadon. Ce t\u00eate-\u00e0-t\u00eate a donn\u00e9 naissance \u00e0 une s\u00e9rie de 150 gravures. Beaut\u00e9 sans fard H\u00e9l\u00e8ne est ext\u00e9nu\u00e9e. Sa journ\u00e9e l\u2019a \u00e9puis\u00e9e. Pourtant, elle ne renoncerait pour rien au monde \u00e0 ce moment. Sous la douche, elle retrouve son intimit\u00e9 Elle se [&hellip;]<\/p>\n","protected":false},"featured_media":3642,"template":"","meta":{"_acf_changed":false},"product_brand":[],"product_cat":[225,196,241,228,214,200],"product_tag":[],"class_list":{"0":"post-3645","1":"product","2":"type-product","3":"status-publish","4":"has-post-thumbnail","6":"product_cat-225","7":"product_cat-france","8":"product_cat-laura-loriers","9":"product_cat-linogravure","10":"product_cat-petit","11":"product_cat-portrait","13":"first","14":"instock","15":"shipping-taxable","16":"purchasable","17":"product-type-simple"},"acf":[],"_links":{"self":[{"href":"https:\/\/welcome-prints.com\/en\/wp-json\/wp\/v2\/product\/3645","targetHints":{"allow":["GET"]}}],"collection":[{"href":"https:\/\/welcome-prints.com\/en\/wp-json\/wp\/v2\/product"}],"about":[{"href":"https:\/\/welcome-prints.com\/en\/wp-json\/wp\/v2\/types\/product"}],"wp:featuredmedia":[{"embeddable":true,"href":"https:\/\/welcome-prints.com\/en\/wp-json\/wp\/v2\/media\/3642"}],"wp:attachment":[{"href":"https:\/\/welcome-prints.com\/en\/wp-json\/wp\/v2\/media?parent=3645"}],"wp:term":[{"taxonomy":"product_brand","embeddable":true,"href":"https:\/\/welcome-prints.com\/en\/wp-json\/wp\/v2\/product_brand?post=3645"},{"taxonomy":"product_cat","embeddable":true,"href":"https:\/\/welcome-prints.com\/en\/wp-json\/wp\/v2\/product_cat?post=3645"},{"taxonomy":"product_tag","embeddable":true,"href":"https:\/\/welcome-prints.com\/en\/wp-json\/wp\/v2\/product_tag?post=3645"}],"curies":[{"name":"wp","href":"https:\/\/api.w.org\/{rel}","templated":true}]}}