{"id":3622,"date":"2025-02-11T20:08:30","date_gmt":"2025-02-11T20:08:30","guid":{"rendered":"https:\/\/welcome-prints.com\/?post_type=product&#038;p=3622"},"modified":"2026-05-06T16:48:26","modified_gmt":"2026-05-06T16:48:26","slug":"eos-%c2%b7-%e1%bc%a0%cf%8e%cf%82","status":"publish","type":"product","link":"https:\/\/welcome-prints.com\/en\/produit\/eos-%c2%b7-%e1%bc%a0%cf%8e%cf%82\/","title":{"rendered":"Eos \u00b7 \u1f28\u03ce\u03c2"},"content":{"rendered":"<p>\u00ab L\u2019oc\u00e9an, l\u00e0 o\u00f9 le Soleil se l\u00e8ve et o\u00f9 l\u2019aurore aux doigts de rose, n\u00e9e au matin, a ses demeures et ses ch\u0153urs. \u00bb (Hom\u00e8re, Odyss\u00e9e, XII.)<\/p>\n<p>Gravure taille-douce imprim\u00e9e sur papier Hahnem\u00fchle blanc antique.<br \/>\nTitr\u00e9e, num\u00e9rot\u00e9e et sign\u00e9e \u00e0 la main par l\u2019artiste.<br \/>\n\u00c9dition limit\u00e9e \u00e0 trente-six exemplaires.<\/p>\n<p>Artiste graveur : Hyacinthus<br \/>\nImprimeur : Matthieu Perramant, aux ateliers Moret (Paris).<\/p>\n<p>\u00a9 Yacine Gouaref, dit Hyacinthus, ADAGP, 2025, Paris.<\/p>\n","protected":false},"excerpt":{"rendered":"<p>\u00ab L\u2019oc\u00e9an, l\u00e0 o\u00f9 le Soleil se l\u00e8ve et o\u00f9 l\u2019aurore aux doigts de rose, n\u00e9e au matin, a ses demeures et ses ch\u0153urs. \u00bb (Hom\u00e8re, Odyss\u00e9e, XII.) Gravure taille-douce imprim\u00e9e sur papier Hahnem\u00fchle blanc antique. Titr\u00e9e, num\u00e9rot\u00e9e et sign\u00e9e \u00e0 la main par l\u2019artiste. \u00c9dition limit\u00e9e \u00e0 trente-six exemplaires. Artiste graveur : Hyacinthus Imprimeur [&hellip;]<\/p>\n","protected":false},"featured_media":3632,"template":"","meta":{"_acf_changed":false},"product_brand":[],"product_cat":[225,206,210,196,299,214,211,200,248],"product_tag":[],"class_list":{"0":"post-3622","1":"product","2":"type-product","3":"status-publish","4":"has-post-thumbnail","6":"product_cat-225","7":"product_cat-aquatinte","8":"product_cat-eau-forte","9":"product_cat-france","10":"product_cat-hyacinthus","11":"product_cat-petit","12":"product_cat-pointe-seche","13":"product_cat-portrait","14":"product_cat-techniques-mixtes","16":"first","17":"instock","18":"shipping-taxable","19":"purchasable","20":"product-type-simple"},"acf":[],"_links":{"self":[{"href":"https:\/\/welcome-prints.com\/en\/wp-json\/wp\/v2\/product\/3622","targetHints":{"allow":["GET"]}}],"collection":[{"href":"https:\/\/welcome-prints.com\/en\/wp-json\/wp\/v2\/product"}],"about":[{"href":"https:\/\/welcome-prints.com\/en\/wp-json\/wp\/v2\/types\/product"}],"wp:featuredmedia":[{"embeddable":true,"href":"https:\/\/welcome-prints.com\/en\/wp-json\/wp\/v2\/media\/3632"}],"wp:attachment":[{"href":"https:\/\/welcome-prints.com\/en\/wp-json\/wp\/v2\/media?parent=3622"}],"wp:term":[{"taxonomy":"product_brand","embeddable":true,"href":"https:\/\/welcome-prints.com\/en\/wp-json\/wp\/v2\/product_brand?post=3622"},{"taxonomy":"product_cat","embeddable":true,"href":"https:\/\/welcome-prints.com\/en\/wp-json\/wp\/v2\/product_cat?post=3622"},{"taxonomy":"product_tag","embeddable":true,"href":"https:\/\/welcome-prints.com\/en\/wp-json\/wp\/v2\/product_tag?post=3622"}],"curies":[{"name":"wp","href":"https:\/\/api.w.org\/{rel}","templated":true}]}}