{"id":3618,"date":"2025-02-10T20:34:15","date_gmt":"2025-02-10T20:34:15","guid":{"rendered":"https:\/\/welcome-prints.com\/produit\/sans-titre-12\/"},"modified":"2026-04-09T13:45:59","modified_gmt":"2026-04-09T13:45:59","slug":"sans-titre-12","status":"publish","type":"product","link":"https:\/\/welcome-prints.com\/en\/produit\/sans-titre-12\/","title":{"rendered":"Sans titre"},"content":{"rendered":"<p>Lithographie originale sur papier Fabriano 220g<br \/>\n\u00c9dition num\u00e9rot\u00e9e \u00e0 10 exemplaires<br \/>\n35 \u00d7 20 cm<br \/>\nSign\u00e9e et num\u00e9rot\u00e9e au crayon par l&#8217;artiste, tampon sec de l&#8217;atelier<\/p>\n<p>La dessinatrice et illustratrice Marion Semple, g\u00e9n\u00e9ralement habitu\u00e9e au dessin et \u00e0 la gravure (taille douce et gravure sur bois), nous livre ici ses premi\u00e8res lithographies.<\/p>\n","protected":false},"excerpt":{"rendered":"<p>Lithographie originale sur papier Fabriano 220g \u00c9dition num\u00e9rot\u00e9e \u00e0 10 exemplaires 35 \u00d7 20 cm Sign\u00e9e et num\u00e9rot\u00e9e au crayon par l&#8217;artiste, tampon sec de l&#8217;atelier La dessinatrice et illustratrice Marion Semple, g\u00e9n\u00e9ralement habitu\u00e9e au dessin et \u00e0 la gravure (taille douce et gravure sur bois), nous livre ici ses premi\u00e8res lithographies.<\/p>\n","protected":false},"featured_media":3615,"template":"","meta":{"_acf_changed":false},"product_brand":[],"product_cat":[212,193,191,213,196,204,254,215,198,195,200,197],"product_tag":[],"class_list":{"0":"post-3618","1":"product","2":"type-product","3":"status-publish","4":"has-post-thumbnail","6":"product_cat-212","7":"product_cat-annees","8":"product_cat-artistes","9":"product_cat-format","10":"product_cat-france","11":"product_cat-lithographie","12":"product_cat-marion-semple","13":"product_cat-moyen","14":"product_cat-orientation","15":"product_cat-pays","16":"product_cat-portrait","17":"product_cat-technique","19":"first","20":"instock","21":"shipping-taxable","22":"purchasable","23":"product-type-simple"},"acf":[],"_links":{"self":[{"href":"https:\/\/welcome-prints.com\/en\/wp-json\/wp\/v2\/product\/3618","targetHints":{"allow":["GET"]}}],"collection":[{"href":"https:\/\/welcome-prints.com\/en\/wp-json\/wp\/v2\/product"}],"about":[{"href":"https:\/\/welcome-prints.com\/en\/wp-json\/wp\/v2\/types\/product"}],"wp:featuredmedia":[{"embeddable":true,"href":"https:\/\/welcome-prints.com\/en\/wp-json\/wp\/v2\/media\/3615"}],"wp:attachment":[{"href":"https:\/\/welcome-prints.com\/en\/wp-json\/wp\/v2\/media?parent=3618"}],"wp:term":[{"taxonomy":"product_brand","embeddable":true,"href":"https:\/\/welcome-prints.com\/en\/wp-json\/wp\/v2\/product_brand?post=3618"},{"taxonomy":"product_cat","embeddable":true,"href":"https:\/\/welcome-prints.com\/en\/wp-json\/wp\/v2\/product_cat?post=3618"},{"taxonomy":"product_tag","embeddable":true,"href":"https:\/\/welcome-prints.com\/en\/wp-json\/wp\/v2\/product_tag?post=3618"}],"curies":[{"name":"wp","href":"https:\/\/api.w.org\/{rel}","templated":true}]}}