{"id":3609,"date":"2025-02-10T19:45:27","date_gmt":"2025-02-10T19:45:27","guid":{"rendered":"https:\/\/welcome-prints.com\/produit\/sans-titre-10\/"},"modified":"2026-04-09T15:42:23","modified_gmt":"2026-04-09T15:42:23","slug":"sans-titre-10","status":"publish","type":"product","link":"https:\/\/welcome-prints.com\/en\/produit\/sans-titre-10\/","title":{"rendered":"Sans titre"},"content":{"rendered":"<p>Lithographie originale sur papier BFK Rives 220g<br \/>\n\u00c9dition num\u00e9rot\u00e9e \u00e0 3 exemplaires<br \/>\n65 \u00d7 50 cm<br \/>\nSign\u00e9e et num\u00e9rot\u00e9e au crayon par l&#8217;artiste, tampon sec de l&#8217;atelier<\/p>\n<p>Premi\u00e8re et pour l&#8217;instant unique lithographie de l&#8217;artiste Outsider autodidacte Evelyne Postic. Lithographie tr\u00e8s rare, tir\u00e9e seulement \u00e0 trois exemplaires et imprim\u00e9e \u00e0 Marseille dans l&#8217;atelier Les Animals.<\/p>\n","protected":false},"excerpt":{"rendered":"<p>Lithographie originale sur papier BFK Rives 220g \u00c9dition num\u00e9rot\u00e9e \u00e0 3 exemplaires 65 \u00d7 50 cm Sign\u00e9e et num\u00e9rot\u00e9e au crayon par l&#8217;artiste, tampon sec de l&#8217;atelier Premi\u00e8re et pour l&#8217;instant unique lithographie de l&#8217;artiste Outsider autodidacte Evelyne Postic. Lithographie tr\u00e8s rare, tir\u00e9e seulement \u00e0 trois exemplaires et imprim\u00e9e \u00e0 Marseille dans l&#8217;atelier Les Animals.<\/p>\n","protected":false},"featured_media":3602,"template":"","meta":{"_acf_changed":false},"product_brand":[],"product_cat":[223,193,191,298,213,196,216,204,198,195,200,197,192],"product_tag":[],"class_list":{"0":"post-3609","1":"product","2":"type-product","3":"status-publish","4":"has-post-thumbnail","6":"product_cat-223","7":"product_cat-annees","8":"product_cat-artistes","9":"product_cat-evelyne-postic","10":"product_cat-format","11":"product_cat-france","12":"product_cat-grand","13":"product_cat-lithographie","14":"product_cat-orientation","15":"product_cat-pays","16":"product_cat-portrait","17":"product_cat-technique","18":"product_cat-un-artiste","20":"first","21":"instock","22":"shipping-taxable","23":"purchasable","24":"product-type-simple"},"acf":[],"_links":{"self":[{"href":"https:\/\/welcome-prints.com\/en\/wp-json\/wp\/v2\/product\/3609","targetHints":{"allow":["GET"]}}],"collection":[{"href":"https:\/\/welcome-prints.com\/en\/wp-json\/wp\/v2\/product"}],"about":[{"href":"https:\/\/welcome-prints.com\/en\/wp-json\/wp\/v2\/types\/product"}],"wp:featuredmedia":[{"embeddable":true,"href":"https:\/\/welcome-prints.com\/en\/wp-json\/wp\/v2\/media\/3602"}],"wp:attachment":[{"href":"https:\/\/welcome-prints.com\/en\/wp-json\/wp\/v2\/media?parent=3609"}],"wp:term":[{"taxonomy":"product_brand","embeddable":true,"href":"https:\/\/welcome-prints.com\/en\/wp-json\/wp\/v2\/product_brand?post=3609"},{"taxonomy":"product_cat","embeddable":true,"href":"https:\/\/welcome-prints.com\/en\/wp-json\/wp\/v2\/product_cat?post=3609"},{"taxonomy":"product_tag","embeddable":true,"href":"https:\/\/welcome-prints.com\/en\/wp-json\/wp\/v2\/product_tag?post=3609"}],"curies":[{"name":"wp","href":"https:\/\/api.w.org\/{rel}","templated":true}]}}