{"id":3556,"date":"2025-01-31T16:30:46","date_gmt":"2025-01-31T16:30:46","guid":{"rendered":"https:\/\/welcome-prints.com\/produit\/gouffres\/"},"modified":"2026-05-06T15:49:11","modified_gmt":"2026-05-06T15:49:11","slug":"gouffres","status":"publish","type":"product","link":"https:\/\/welcome-prints.com\/en\/produit\/gouffres\/","title":{"rendered":"Gouffres"},"content":{"rendered":"<p>Eau forte et aquatinte<br \/>\nGravure dans une s\u00e9rie d\u00e9di\u00e9e aux volcans et inspir\u00e9e des peintures de paysages chinois<\/p>\n","protected":false},"excerpt":{"rendered":"<p>Eau forte et aquatinte Gravure dans une s\u00e9rie d\u00e9di\u00e9e aux volcans et inspir\u00e9e des peintures de paysages chinois<\/p>\n","protected":false},"featured_media":3554,"template":"","meta":{"_acf_changed":false},"product_brand":[],"product_cat":[226,206,210,196,215,200,287],"product_tag":[],"class_list":{"0":"post-3556","1":"product","2":"type-product","3":"status-publish","4":"has-post-thumbnail","6":"product_cat-226","7":"product_cat-aquatinte","8":"product_cat-eau-forte","9":"product_cat-france","10":"product_cat-moyen","11":"product_cat-portrait","12":"product_cat-valerie-honnart","14":"first","15":"instock","16":"shipping-taxable","17":"purchasable","18":"product-type-simple"},"acf":[],"_links":{"self":[{"href":"https:\/\/welcome-prints.com\/en\/wp-json\/wp\/v2\/product\/3556","targetHints":{"allow":["GET"]}}],"collection":[{"href":"https:\/\/welcome-prints.com\/en\/wp-json\/wp\/v2\/product"}],"about":[{"href":"https:\/\/welcome-prints.com\/en\/wp-json\/wp\/v2\/types\/product"}],"wp:featuredmedia":[{"embeddable":true,"href":"https:\/\/welcome-prints.com\/en\/wp-json\/wp\/v2\/media\/3554"}],"wp:attachment":[{"href":"https:\/\/welcome-prints.com\/en\/wp-json\/wp\/v2\/media?parent=3556"}],"wp:term":[{"taxonomy":"product_brand","embeddable":true,"href":"https:\/\/welcome-prints.com\/en\/wp-json\/wp\/v2\/product_brand?post=3556"},{"taxonomy":"product_cat","embeddable":true,"href":"https:\/\/welcome-prints.com\/en\/wp-json\/wp\/v2\/product_cat?post=3556"},{"taxonomy":"product_tag","embeddable":true,"href":"https:\/\/welcome-prints.com\/en\/wp-json\/wp\/v2\/product_tag?post=3556"}],"curies":[{"name":"wp","href":"https:\/\/api.w.org\/{rel}","templated":true}]}}