{"id":3515,"date":"2025-01-24T16:44:31","date_gmt":"2025-01-24T16:44:31","guid":{"rendered":"https:\/\/welcome-prints.com\/produit\/vignes\/"},"modified":"2026-04-09T21:18:07","modified_gmt":"2026-04-09T21:18:07","slug":"vignes","status":"publish","type":"product","link":"https:\/\/welcome-prints.com\/en\/produit\/vignes\/","title":{"rendered":"Vignes"},"content":{"rendered":"<p>Linogravure originale sur papier BFK Rives d&#8217;Arches 250g<br \/>\n\u00c9dition num\u00e9rot\u00e9e \u00e0 10 exemplaires<br \/>\n33 \u00d7 25 cm<br \/>\nSign\u00e9e et num\u00e9rot\u00e9e au crayon par l&#8217;artiste, tampon sec de l&#8217;atelier<\/p>\n<p>Hugo Villaspasa vit et travaille \u00e0 Marseille, apr\u00e8s avoir \u00e9t\u00e9 form\u00e9 successivement aux Beaux-Arts de Tourcoing et d&#8217;Ath\u00e8nes. Peintre de formation, il pratique \u00e9galement tr\u00e8s souvent l&#8217;estampe: gravure taille d&#8217;\u00e9pargne et lithographie. Sa peinture abstraite s&#8217;int\u00e9resse \u00e0 la force des couleurs, aux formes, aux transparences, \u00e0 la mati\u00e8re, aux motifs, au support (il peint le plus souvent sur des chutes de tissus bruts).<\/p>\n<p>Ses influences vont autant du mouvement Supports\/ Surfaces, aux Fauves et particuli\u00e8rement Henri Matisse, en passant par les expressionnistes allemands.<\/p>\n<p>Sa r\u00e9flexion graphique et artistique porte sur ce qu&#8217;est intrins\u00e8quement la peinture en tant qu&#8217;objet et moins comme finalit\u00e9, comment la processus de cr\u00e9ation se construit, se d\u00e9construit, et comment le tableau interpelle le spectateur. Il proc\u00e8de \u00e0 une mise \u00e0 nu des \u00e9l\u00e9ments picturaux. On peut ici parler de &#8220;peinture pour amoureux de la peinture&#8221;.<\/p>\n<p>Hugo Villaspasa compose le Club Forme Couleur avec In\u00e8s Willaume avec laquelle il pr\u00e9senta l\u2019exposition \u00ab Surface de R\u00e9paration \u00bb au Vecteur (Charleroi, Belgique) au printemps 2019. Puis, il proposa \u00ab Lucarne \u00bb sa premi\u00e8re exposition personnelle au mus\u00e9e de la Piscine de Roubaix (2019\/2020) o\u00f9 furent pr\u00e9sent\u00e9 une s\u00e9rie de travaux sur papier. Il a depuis expos\u00e9 \u00e0 l&#8217;Institut Fran\u00e7ais Centre Saint-Louis \u00e0 Rome et pr\u00e9pare une nouvelle exposition personnelle en Belgique pour 2023.<\/p>\n","protected":false},"excerpt":{"rendered":"<p>Linogravure originale sur papier BFK Rives d&#8217;Arches 250g \u00c9dition num\u00e9rot\u00e9e \u00e0 10 exemplaires 33 \u00d7 25 cm Sign\u00e9e et num\u00e9rot\u00e9e au crayon par l&#8217;artiste, tampon sec de l&#8217;atelier Hugo Villaspasa vit et travaille \u00e0 Marseille, apr\u00e8s avoir \u00e9t\u00e9 form\u00e9 successivement aux Beaux-Arts de Tourcoing et d&#8217;Ath\u00e8nes. Peintre de formation, il pratique \u00e9galement tr\u00e8s souvent l&#8217;estampe: [&hellip;]<\/p>\n","protected":false},"featured_media":3513,"template":"","meta":{"_acf_changed":false},"product_brand":[],"product_cat":[223,193,196,296,228,215,200],"product_tag":[],"class_list":{"0":"post-3515","1":"product","2":"type-product","3":"status-publish","4":"has-post-thumbnail","6":"product_cat-223","7":"product_cat-annees","8":"product_cat-france","9":"product_cat-hugo-villaspasa","10":"product_cat-linogravure","11":"product_cat-moyen","12":"product_cat-portrait","14":"first","15":"instock","16":"shipping-taxable","17":"purchasable","18":"product-type-simple"},"acf":[],"_links":{"self":[{"href":"https:\/\/welcome-prints.com\/en\/wp-json\/wp\/v2\/product\/3515","targetHints":{"allow":["GET"]}}],"collection":[{"href":"https:\/\/welcome-prints.com\/en\/wp-json\/wp\/v2\/product"}],"about":[{"href":"https:\/\/welcome-prints.com\/en\/wp-json\/wp\/v2\/types\/product"}],"wp:featuredmedia":[{"embeddable":true,"href":"https:\/\/welcome-prints.com\/en\/wp-json\/wp\/v2\/media\/3513"}],"wp:attachment":[{"href":"https:\/\/welcome-prints.com\/en\/wp-json\/wp\/v2\/media?parent=3515"}],"wp:term":[{"taxonomy":"product_brand","embeddable":true,"href":"https:\/\/welcome-prints.com\/en\/wp-json\/wp\/v2\/product_brand?post=3515"},{"taxonomy":"product_cat","embeddable":true,"href":"https:\/\/welcome-prints.com\/en\/wp-json\/wp\/v2\/product_cat?post=3515"},{"taxonomy":"product_tag","embeddable":true,"href":"https:\/\/welcome-prints.com\/en\/wp-json\/wp\/v2\/product_tag?post=3515"}],"curies":[{"name":"wp","href":"https:\/\/api.w.org\/{rel}","templated":true}]}}