{"id":3507,"date":"2025-01-23T09:35:02","date_gmt":"2025-01-23T09:35:02","guid":{"rendered":"https:\/\/welcome-prints.com\/produit\/hermes\/"},"modified":"2026-04-09T18:56:41","modified_gmt":"2026-04-09T18:56:41","slug":"hermes","status":"publish","type":"product","link":"https:\/\/welcome-prints.com\/en\/produit\/hermes\/","title":{"rendered":"Herm\u00e8s"},"content":{"rendered":"<p>Burin et aquatinte tir\u00e9e de la s\u00e9rie Olympe<\/p>\n","protected":false},"excerpt":{"rendered":"<p>Burin et aquatinte tir\u00e9e de la s\u00e9rie Olympe<\/p>\n","protected":false},"featured_media":3508,"template":"","meta":{"_acf_changed":false},"product_brand":[],"product_cat":[212,206,220,215,295,200],"product_tag":[],"class_list":{"0":"post-3507","1":"product","2":"type-product","3":"status-publish","4":"has-post-thumbnail","6":"product_cat-212","7":"product_cat-aquatinte","8":"product_cat-burin","9":"product_cat-moyen","10":"product_cat-nicolas-bical","11":"product_cat-portrait","13":"first","14":"instock","15":"shipping-taxable","16":"purchasable","17":"product-type-simple"},"acf":[],"_links":{"self":[{"href":"https:\/\/welcome-prints.com\/en\/wp-json\/wp\/v2\/product\/3507","targetHints":{"allow":["GET"]}}],"collection":[{"href":"https:\/\/welcome-prints.com\/en\/wp-json\/wp\/v2\/product"}],"about":[{"href":"https:\/\/welcome-prints.com\/en\/wp-json\/wp\/v2\/types\/product"}],"wp:featuredmedia":[{"embeddable":true,"href":"https:\/\/welcome-prints.com\/en\/wp-json\/wp\/v2\/media\/3508"}],"wp:attachment":[{"href":"https:\/\/welcome-prints.com\/en\/wp-json\/wp\/v2\/media?parent=3507"}],"wp:term":[{"taxonomy":"product_brand","embeddable":true,"href":"https:\/\/welcome-prints.com\/en\/wp-json\/wp\/v2\/product_brand?post=3507"},{"taxonomy":"product_cat","embeddable":true,"href":"https:\/\/welcome-prints.com\/en\/wp-json\/wp\/v2\/product_cat?post=3507"},{"taxonomy":"product_tag","embeddable":true,"href":"https:\/\/welcome-prints.com\/en\/wp-json\/wp\/v2\/product_tag?post=3507"}],"curies":[{"name":"wp","href":"https:\/\/api.w.org\/{rel}","templated":true}]}}