{"id":3502,"date":"2025-01-22T18:47:40","date_gmt":"2025-01-22T18:47:40","guid":{"rendered":"https:\/\/welcome-prints.com\/produit\/memento-mori\/"},"modified":"2026-04-10T00:37:38","modified_gmt":"2026-04-10T00:37:38","slug":"memento-mori","status":"publish","type":"product","link":"https:\/\/welcome-prints.com\/en\/produit\/memento-mori\/","title":{"rendered":"Memento Mori"},"content":{"rendered":"<p>Titre : Memento Mori \u2013 exemplaire unique sign\u00e9 \u2013 2022<br \/>\nTechnique : Cyanotype + s\u00e9rigraphie PHOSPHO + d\u00e9coupe<br \/>\nPapier : Rosaspina de Fabriano, 220gr<\/p>\n<p>&#8220;Fant\u00f4mes de cyan mis en ab\u00eeme,<br \/>\nDes apparitions dans des r\u00e9v\u00e9lations.<br \/>\nHantises ou bien Hanteurs :<br \/>\nInsectes occultes, organes pieux, saints abandonn\u00e9s<br \/>\nAu sein d\u2019architectures d\u00e9chues.&#8221;<\/p>\n","protected":false},"excerpt":{"rendered":"<p>Titre : Memento Mori \u2013 exemplaire unique sign\u00e9 \u2013 2022 Technique : Cyanotype + s\u00e9rigraphie PHOSPHO + d\u00e9coupe Papier : Rosaspina de Fabriano, 220gr &#8220;Fant\u00f4mes de cyan mis en ab\u00eeme, Des apparitions dans des r\u00e9v\u00e9lations. Hantises ou bien Hanteurs : Insectes occultes, organes pieux, saints abandonn\u00e9s Au sein d\u2019architectures d\u00e9chues.&#8221;<\/p>\n","protected":false},"featured_media":3500,"template":"","meta":{"_acf_changed":false},"product_brand":[],"product_cat":[223,266,196,215,200,248],"product_tag":[],"class_list":{"0":"post-3502","1":"product","2":"type-product","3":"status-publish","4":"has-post-thumbnail","6":"product_cat-223","7":"product_cat-aude-carbone","8":"product_cat-france","9":"product_cat-moyen","10":"product_cat-portrait","11":"product_cat-techniques-mixtes","13":"first","14":"instock","15":"shipping-taxable","16":"purchasable","17":"product-type-simple"},"acf":[],"_links":{"self":[{"href":"https:\/\/welcome-prints.com\/en\/wp-json\/wp\/v2\/product\/3502","targetHints":{"allow":["GET"]}}],"collection":[{"href":"https:\/\/welcome-prints.com\/en\/wp-json\/wp\/v2\/product"}],"about":[{"href":"https:\/\/welcome-prints.com\/en\/wp-json\/wp\/v2\/types\/product"}],"wp:featuredmedia":[{"embeddable":true,"href":"https:\/\/welcome-prints.com\/en\/wp-json\/wp\/v2\/media\/3500"}],"wp:attachment":[{"href":"https:\/\/welcome-prints.com\/en\/wp-json\/wp\/v2\/media?parent=3502"}],"wp:term":[{"taxonomy":"product_brand","embeddable":true,"href":"https:\/\/welcome-prints.com\/en\/wp-json\/wp\/v2\/product_brand?post=3502"},{"taxonomy":"product_cat","embeddable":true,"href":"https:\/\/welcome-prints.com\/en\/wp-json\/wp\/v2\/product_cat?post=3502"},{"taxonomy":"product_tag","embeddable":true,"href":"https:\/\/welcome-prints.com\/en\/wp-json\/wp\/v2\/product_tag?post=3502"}],"curies":[{"name":"wp","href":"https:\/\/api.w.org\/{rel}","templated":true}]}}