{"id":3497,"date":"2025-01-22T18:26:37","date_gmt":"2025-01-22T18:26:37","guid":{"rendered":"https:\/\/welcome-prints.com\/produit\/le-tricot\/"},"modified":"2026-04-10T00:38:51","modified_gmt":"2026-04-10T00:38:51","slug":"le-tricot","status":"publish","type":"product","link":"https:\/\/welcome-prints.com\/en\/produit\/le-tricot\/","title":{"rendered":"Le Tricot"},"content":{"rendered":"<p>Linogravure \u2013 19 exemplaires num\u00e9rot\u00e9s et sign\u00e9s \u2013 2022, sur papier Rosaspina de Fabriano, 220g\/m\u00b2, ivoire<\/p>\n<p>\u00ab Point de croix sur maux de cr\u00e2ne,<br \/>\nD\u2019un air narquois il se tricote.<br \/>\nFilant sa t\u00eate jusqu\u2019\u00e0 la corde,<br \/>\nTisse les n\u0153uds de ses visc\u00e8res. \u00bb<\/p>\n","protected":false},"excerpt":{"rendered":"<p>Linogravure \u2013 19 exemplaires num\u00e9rot\u00e9s et sign\u00e9s \u2013 2022, sur papier Rosaspina de Fabriano, 220g\/m\u00b2, ivoire \u00ab Point de croix sur maux de cr\u00e2ne, D\u2019un air narquois il se tricote. Filant sa t\u00eate jusqu\u2019\u00e0 la corde, Tisse les n\u0153uds de ses visc\u00e8res. \u00bb<\/p>\n","protected":false},"featured_media":3488,"template":"","meta":{"_acf_changed":false},"product_brand":[],"product_cat":[223,266,196,228,215,200],"product_tag":[],"class_list":{"0":"post-3497","1":"product","2":"type-product","3":"status-publish","4":"has-post-thumbnail","6":"product_cat-223","7":"product_cat-aude-carbone","8":"product_cat-france","9":"product_cat-linogravure","10":"product_cat-moyen","11":"product_cat-portrait","13":"first","14":"instock","15":"shipping-taxable","16":"purchasable","17":"product-type-simple"},"acf":[],"_links":{"self":[{"href":"https:\/\/welcome-prints.com\/en\/wp-json\/wp\/v2\/product\/3497","targetHints":{"allow":["GET"]}}],"collection":[{"href":"https:\/\/welcome-prints.com\/en\/wp-json\/wp\/v2\/product"}],"about":[{"href":"https:\/\/welcome-prints.com\/en\/wp-json\/wp\/v2\/types\/product"}],"wp:featuredmedia":[{"embeddable":true,"href":"https:\/\/welcome-prints.com\/en\/wp-json\/wp\/v2\/media\/3488"}],"wp:attachment":[{"href":"https:\/\/welcome-prints.com\/en\/wp-json\/wp\/v2\/media?parent=3497"}],"wp:term":[{"taxonomy":"product_brand","embeddable":true,"href":"https:\/\/welcome-prints.com\/en\/wp-json\/wp\/v2\/product_brand?post=3497"},{"taxonomy":"product_cat","embeddable":true,"href":"https:\/\/welcome-prints.com\/en\/wp-json\/wp\/v2\/product_cat?post=3497"},{"taxonomy":"product_tag","embeddable":true,"href":"https:\/\/welcome-prints.com\/en\/wp-json\/wp\/v2\/product_tag?post=3497"}],"curies":[{"name":"wp","href":"https:\/\/api.w.org\/{rel}","templated":true}]}}