{"id":3496,"date":"2025-01-22T18:24:13","date_gmt":"2025-01-22T18:24:13","guid":{"rendered":"https:\/\/welcome-prints.com\/produit\/le-baiser-selon-georges-b\/"},"modified":"2026-05-06T13:55:25","modified_gmt":"2026-05-06T13:55:25","slug":"le-baiser-selon-georges-b","status":"publish","type":"product","link":"https:\/\/welcome-prints.com\/en\/produit\/le-baiser-selon-georges-b\/","title":{"rendered":"Le Baiser selon Georges B."},"content":{"rendered":"<p>Linogravure \u2013 19 exemplaires num\u00e9rot\u00e9s et sign\u00e9s \u2013 2022, sur papier Rosaspina de Fabriano, 220g\/m\u00b2, blanc<\/p>\n","protected":false},"excerpt":{"rendered":"<p>Linogravure \u2013 19 exemplaires num\u00e9rot\u00e9s et sign\u00e9s \u2013 2022, sur papier Rosaspina de Fabriano, 220g\/m\u00b2, blanc<\/p>\n","protected":false},"featured_media":3492,"template":"","meta":{"_acf_changed":false},"product_brand":[],"product_cat":[223,266,196,228,215,200],"product_tag":[],"class_list":{"0":"post-3496","1":"product","2":"type-product","3":"status-publish","4":"has-post-thumbnail","6":"product_cat-223","7":"product_cat-aude-carbone","8":"product_cat-france","9":"product_cat-linogravure","10":"product_cat-moyen","11":"product_cat-portrait","13":"first","14":"instock","15":"shipping-taxable","16":"purchasable","17":"product-type-simple"},"acf":[],"_links":{"self":[{"href":"https:\/\/welcome-prints.com\/en\/wp-json\/wp\/v2\/product\/3496","targetHints":{"allow":["GET"]}}],"collection":[{"href":"https:\/\/welcome-prints.com\/en\/wp-json\/wp\/v2\/product"}],"about":[{"href":"https:\/\/welcome-prints.com\/en\/wp-json\/wp\/v2\/types\/product"}],"wp:featuredmedia":[{"embeddable":true,"href":"https:\/\/welcome-prints.com\/en\/wp-json\/wp\/v2\/media\/3492"}],"wp:attachment":[{"href":"https:\/\/welcome-prints.com\/en\/wp-json\/wp\/v2\/media?parent=3496"}],"wp:term":[{"taxonomy":"product_brand","embeddable":true,"href":"https:\/\/welcome-prints.com\/en\/wp-json\/wp\/v2\/product_brand?post=3496"},{"taxonomy":"product_cat","embeddable":true,"href":"https:\/\/welcome-prints.com\/en\/wp-json\/wp\/v2\/product_cat?post=3496"},{"taxonomy":"product_tag","embeddable":true,"href":"https:\/\/welcome-prints.com\/en\/wp-json\/wp\/v2\/product_tag?post=3496"}],"curies":[{"name":"wp","href":"https:\/\/api.w.org\/{rel}","templated":true}]}}