{"id":3487,"date":"2025-01-22T18:12:59","date_gmt":"2025-01-22T18:12:59","guid":{"rendered":"https:\/\/welcome-prints.com\/produit\/simulacre\/"},"modified":"2026-04-09T11:35:07","modified_gmt":"2026-04-09T11:35:07","slug":"simulacre","status":"publish","type":"product","link":"https:\/\/welcome-prints.com\/en\/produit\/simulacre\/","title":{"rendered":"Simulacre"},"content":{"rendered":"<p>Infos techniques :<\/p>\n<p>Affichettes s\u00e9rigraphi\u00e9e en quadrichromie, 25x35cm,<br \/>\nsur papier Fedrigoni Freelife Vellum 260gr<br \/>\n10 exemplaires sign\u00e9s et num\u00e9rot\u00e9s,<br \/>\nAtelier Metemphase, novembre 2023.<\/p>\n<p>Silkscreen printed posters, quadrichromy, 25x35cm,<br \/>\non paper Fedrigoni Freelife Vellum 260gr<br \/>\n10 copies numbered and signed,<br \/>\nMetemphase workshop, November 2023.<\/p>\n","protected":false},"excerpt":{"rendered":"<p>Infos techniques : Affichettes s\u00e9rigraphi\u00e9e en quadrichromie, 25x35cm, sur papier Fedrigoni Freelife Vellum 260gr 10 exemplaires sign\u00e9s et num\u00e9rot\u00e9s, Atelier Metemphase, novembre 2023. Silkscreen printed posters, quadrichromy, 25x35cm, on paper Fedrigoni Freelife Vellum 260gr 10 copies numbered and signed, Metemphase workshop, November 2023.<\/p>\n","protected":false},"featured_media":3483,"template":"","meta":{"_acf_changed":false},"product_brand":[],"product_cat":[212,266,196,215,201,205],"product_tag":[],"class_list":{"0":"post-3487","1":"product","2":"type-product","3":"status-publish","4":"has-post-thumbnail","6":"product_cat-212","7":"product_cat-aude-carbone","8":"product_cat-france","9":"product_cat-moyen","10":"product_cat-paysage","11":"product_cat-serigraphie","13":"first","14":"instock","15":"shipping-taxable","16":"purchasable","17":"product-type-simple"},"acf":[],"_links":{"self":[{"href":"https:\/\/welcome-prints.com\/en\/wp-json\/wp\/v2\/product\/3487","targetHints":{"allow":["GET"]}}],"collection":[{"href":"https:\/\/welcome-prints.com\/en\/wp-json\/wp\/v2\/product"}],"about":[{"href":"https:\/\/welcome-prints.com\/en\/wp-json\/wp\/v2\/types\/product"}],"wp:featuredmedia":[{"embeddable":true,"href":"https:\/\/welcome-prints.com\/en\/wp-json\/wp\/v2\/media\/3483"}],"wp:attachment":[{"href":"https:\/\/welcome-prints.com\/en\/wp-json\/wp\/v2\/media?parent=3487"}],"wp:term":[{"taxonomy":"product_brand","embeddable":true,"href":"https:\/\/welcome-prints.com\/en\/wp-json\/wp\/v2\/product_brand?post=3487"},{"taxonomy":"product_cat","embeddable":true,"href":"https:\/\/welcome-prints.com\/en\/wp-json\/wp\/v2\/product_cat?post=3487"},{"taxonomy":"product_tag","embeddable":true,"href":"https:\/\/welcome-prints.com\/en\/wp-json\/wp\/v2\/product_tag?post=3487"}],"curies":[{"name":"wp","href":"https:\/\/api.w.org\/{rel}","templated":true}]}}