{"id":3479,"date":"2025-01-22T17:57:50","date_gmt":"2025-01-22T17:57:50","guid":{"rendered":"https:\/\/welcome-prints.com\/produit\/lattrapoire\/"},"modified":"2026-04-10T03:11:10","modified_gmt":"2026-04-10T03:11:10","slug":"lattrapoire","status":"publish","type":"product","link":"https:\/\/welcome-prints.com\/en\/produit\/lattrapoire\/","title":{"rendered":"L&#8217;Attrapoire"},"content":{"rendered":"<p>Infos techniques :<\/p>\n<p>Affiche s\u00e9rigraphi\u00e9e 2 couleurs, 70x50cm,<br \/>\nsur papier Fedrigoni Sirio Black 290gr<br \/>\n12 exemplaires sign\u00e9s et num\u00e9rot\u00e9s,<br \/>\nimpressions Atelier Metemphase, novembre 2023.<\/p>\n<p>Silkscreen printed posters, 2 coulours, 70x50cm,<br \/>\non Fedrigoni Sirio Black 290gr paper,<br \/>\n12 copies, numbered and signed,<br \/>\nprintings at Metemphase workshop, November 2023.<\/p>\n","protected":false},"excerpt":{"rendered":"<p>Infos techniques : Affiche s\u00e9rigraphi\u00e9e 2 couleurs, 70x50cm, sur papier Fedrigoni Sirio Black 290gr 12 exemplaires sign\u00e9s et num\u00e9rot\u00e9s, impressions Atelier Metemphase, novembre 2023. Silkscreen printed posters, 2 coulours, 70x50cm, on Fedrigoni Sirio Black 290gr paper, 12 copies, numbered and signed, printings at Metemphase workshop, November 2023.<\/p>\n","protected":false},"featured_media":3475,"template":"","meta":{"_acf_changed":false},"product_brand":[],"product_cat":[212,266,196,216,200,205],"product_tag":[],"class_list":{"0":"post-3479","1":"product","2":"type-product","3":"status-publish","4":"has-post-thumbnail","6":"product_cat-212","7":"product_cat-aude-carbone","8":"product_cat-france","9":"product_cat-grand","10":"product_cat-portrait","11":"product_cat-serigraphie","13":"first","14":"instock","15":"shipping-taxable","16":"purchasable","17":"product-type-simple"},"acf":[],"_links":{"self":[{"href":"https:\/\/welcome-prints.com\/en\/wp-json\/wp\/v2\/product\/3479","targetHints":{"allow":["GET"]}}],"collection":[{"href":"https:\/\/welcome-prints.com\/en\/wp-json\/wp\/v2\/product"}],"about":[{"href":"https:\/\/welcome-prints.com\/en\/wp-json\/wp\/v2\/types\/product"}],"wp:featuredmedia":[{"embeddable":true,"href":"https:\/\/welcome-prints.com\/en\/wp-json\/wp\/v2\/media\/3475"}],"wp:attachment":[{"href":"https:\/\/welcome-prints.com\/en\/wp-json\/wp\/v2\/media?parent=3479"}],"wp:term":[{"taxonomy":"product_brand","embeddable":true,"href":"https:\/\/welcome-prints.com\/en\/wp-json\/wp\/v2\/product_brand?post=3479"},{"taxonomy":"product_cat","embeddable":true,"href":"https:\/\/welcome-prints.com\/en\/wp-json\/wp\/v2\/product_cat?post=3479"},{"taxonomy":"product_tag","embeddable":true,"href":"https:\/\/welcome-prints.com\/en\/wp-json\/wp\/v2\/product_tag?post=3479"}],"curies":[{"name":"wp","href":"https:\/\/api.w.org\/{rel}","templated":true}]}}