{"id":3474,"date":"2025-01-22T17:50:31","date_gmt":"2025-01-22T17:50:31","guid":{"rendered":"https:\/\/welcome-prints.com\/produit\/le-bain\/"},"modified":"2026-04-10T00:38:21","modified_gmt":"2026-04-10T00:38:21","slug":"le-bain","status":"publish","type":"product","link":"https:\/\/welcome-prints.com\/en\/produit\/le-bain\/","title":{"rendered":"Le Bain"},"content":{"rendered":"<p>Illustration inspir\u00e9e d&#8217;une sc\u00e8ne du roman &#8220;L&#8217;\u00c9t\u00e9 des Charognes&#8221; de Simon Johannin<br \/>\nLinogravure \u2013 22 exemplaires num\u00e9rot\u00e9s et sign\u00e9s \u2013 2020, sur Arches blanc 250gr<\/p>\n","protected":false},"excerpt":{"rendered":"<p>Illustration inspir\u00e9e d&#8217;une sc\u00e8ne du roman &#8220;L&#8217;\u00c9t\u00e9 des Charognes&#8221; de Simon Johannin Linogravure \u2013 22 exemplaires num\u00e9rot\u00e9s et sign\u00e9s \u2013 2020, sur Arches blanc 250gr<\/p>\n","protected":false},"featured_media":3469,"template":"","meta":{"_acf_changed":false},"product_brand":[],"product_cat":[194,266,202,196,228,215],"product_tag":[],"class_list":{"0":"post-3474","1":"product","2":"type-product","3":"status-publish","4":"has-post-thumbnail","6":"product_cat-194","7":"product_cat-aude-carbone","8":"product_cat-carre","9":"product_cat-france","10":"product_cat-linogravure","11":"product_cat-moyen","13":"first","14":"instock","15":"shipping-taxable","16":"purchasable","17":"product-type-simple"},"acf":[],"_links":{"self":[{"href":"https:\/\/welcome-prints.com\/en\/wp-json\/wp\/v2\/product\/3474","targetHints":{"allow":["GET"]}}],"collection":[{"href":"https:\/\/welcome-prints.com\/en\/wp-json\/wp\/v2\/product"}],"about":[{"href":"https:\/\/welcome-prints.com\/en\/wp-json\/wp\/v2\/types\/product"}],"wp:featuredmedia":[{"embeddable":true,"href":"https:\/\/welcome-prints.com\/en\/wp-json\/wp\/v2\/media\/3469"}],"wp:attachment":[{"href":"https:\/\/welcome-prints.com\/en\/wp-json\/wp\/v2\/media?parent=3474"}],"wp:term":[{"taxonomy":"product_brand","embeddable":true,"href":"https:\/\/welcome-prints.com\/en\/wp-json\/wp\/v2\/product_brand?post=3474"},{"taxonomy":"product_cat","embeddable":true,"href":"https:\/\/welcome-prints.com\/en\/wp-json\/wp\/v2\/product_cat?post=3474"},{"taxonomy":"product_tag","embeddable":true,"href":"https:\/\/welcome-prints.com\/en\/wp-json\/wp\/v2\/product_tag?post=3474"}],"curies":[{"name":"wp","href":"https:\/\/api.w.org\/{rel}","templated":true}]}}