{"id":3468,"date":"2025-01-22T17:43:09","date_gmt":"2025-01-22T17:43:09","guid":{"rendered":"https:\/\/welcome-prints.com\/produit\/urban-hybrid\/"},"modified":"2026-04-09T13:19:27","modified_gmt":"2026-04-09T13:19:27","slug":"urban-hybrid","status":"publish","type":"product","link":"https:\/\/welcome-prints.com\/en\/produit\/urban-hybrid\/","title":{"rendered":"Urban Hybrid"},"content":{"rendered":"<p>Pr\u00e9sentation \/ pochette fictive :<\/p>\n<p>&#8220;Post-Electro \u00e0 textes mac\u00e9r\u00e9s&#8221;<\/p>\n<p>Vivre en 2153 a cet avantage  : on ne peut que se d\u00e9lecter du son produit par la r\u00e9sonance d\u2019une bo\u00eete cr\u00e2nienne en n\u00e9oacier amplifi\u00e9e ou des vibrations insolites qui s\u2019\u00e9chappent d\u2019un cyber \u0153sophage en plastique recycl\u00e9. Urban Hybrid est un groupe qui sait jouer DE et AVEC ses propres membres, et vice et versa. Non contents de mettre \u00e0 profit leurs mutations g\u00e9n\u00e9tiques -encore subies comme un handicap parmi les humains il y a quelques d\u00e9cennies \u2013 et d\u2019avoir d\u00e9tourn\u00e9 les r\u00e9centes avanc\u00e9es nanotechnologiques pour transformer leurs corps en instruments, leurs textes jouent sur les mots et marquent un point \u00e0 tous les coups. Etat des lieux cinglant, sans concession et paradoxalement sans tristesse d\u2019une \u00e8re \u00e0 l\u2019agonie, d\u2019une race qui ne veut plus vivre mais qui n\u2019arrive pas \u00e0 mourir. Un crescendo sans fausse note de la premi\u00e8re \u00e0 la derni\u00e8re minute, sur un tr\u00e8s tr\u00e8s rare support en vinyl de synth\u00e8se. A \u00e9couter sans attendre.<\/p>\n<p>&#8220;Post-Electro with macerated lyrics&#8221;<\/p>\n<p>Living in 2153 has this benefit : one can only revel in the sound produced by the resonance of an amplified neosteel made cranial cavity or the freak vibrations that leak out of a recycled plastic cyber oesophagus. Urban Hybrid is a band who knows how to play their members\u2019appendages and the reverse. Not satisfied with the gain they made of their genetic mutations -still suffered as a handicap among human beings some decades ago- nor with the hijacking of the recent nanotech progresses that allowed them to transform their bodies into instruments, their lyrics play with words and strike every time. Cynical state of play, without concession and paradoxically without sadness, of a dying era, of a race that doesn\u2019t want to live anymore but doen\u2019t get to expire. A seamless crescendo from the first to the last minute, on a very very rare synthetic vinyl. To listen without delay.<\/p>\n<p>Infos techniques :<\/p>\n<p>Affiche s\u00e9rigraphi\u00e9e 3 couleurs, 33x33cm,<br \/>\nsur papier Fedrigoni Sirio Rouge 290gr<br \/>\n44 exemplaires sign\u00e9s et num\u00e9rot\u00e9s,<br \/>\n\u00e9dition EpOx et BoTOx, Atelier Metemphase, octobre 2019.<\/p>\n<p>Silkscreen printed posters, 3 coulours, 33x33cm,<br \/>\non Fedrigoni Sirio Red 290gr paper,<br \/>\n44 copies, numbered and signed,<br \/>\nEpOx et BoTOx edition, Metemphase workshop, October 2019.<\/p>\n","protected":false},"excerpt":{"rendered":"<p>Pr\u00e9sentation \/ pochette fictive : &#8220;Post-Electro \u00e0 textes mac\u00e9r\u00e9s&#8221; Vivre en 2153 a cet avantage : on ne peut que se d\u00e9lecter du son produit par la r\u00e9sonance d\u2019une bo\u00eete cr\u00e2nienne en n\u00e9oacier amplifi\u00e9e ou des vibrations insolites qui s\u2019\u00e9chappent d\u2019un cyber \u0153sophage en plastique recycl\u00e9. Urban Hybrid est un groupe qui sait jouer DE [&hellip;]<\/p>\n","protected":false},"featured_media":3463,"template":"","meta":{"_acf_changed":false},"product_brand":[],"product_cat":[224,266,202,196,215,205],"product_tag":[],"class_list":{"0":"post-3468","1":"product","2":"type-product","3":"status-publish","4":"has-post-thumbnail","6":"product_cat-224","7":"product_cat-aude-carbone","8":"product_cat-carre","9":"product_cat-france","10":"product_cat-moyen","11":"product_cat-serigraphie","13":"first","14":"instock","15":"shipping-taxable","16":"purchasable","17":"product-type-simple"},"acf":[],"_links":{"self":[{"href":"https:\/\/welcome-prints.com\/en\/wp-json\/wp\/v2\/product\/3468","targetHints":{"allow":["GET"]}}],"collection":[{"href":"https:\/\/welcome-prints.com\/en\/wp-json\/wp\/v2\/product"}],"about":[{"href":"https:\/\/welcome-prints.com\/en\/wp-json\/wp\/v2\/types\/product"}],"wp:featuredmedia":[{"embeddable":true,"href":"https:\/\/welcome-prints.com\/en\/wp-json\/wp\/v2\/media\/3463"}],"wp:attachment":[{"href":"https:\/\/welcome-prints.com\/en\/wp-json\/wp\/v2\/media?parent=3468"}],"wp:term":[{"taxonomy":"product_brand","embeddable":true,"href":"https:\/\/welcome-prints.com\/en\/wp-json\/wp\/v2\/product_brand?post=3468"},{"taxonomy":"product_cat","embeddable":true,"href":"https:\/\/welcome-prints.com\/en\/wp-json\/wp\/v2\/product_cat?post=3468"},{"taxonomy":"product_tag","embeddable":true,"href":"https:\/\/welcome-prints.com\/en\/wp-json\/wp\/v2\/product_tag?post=3468"}],"curies":[{"name":"wp","href":"https:\/\/api.w.org\/{rel}","templated":true}]}}