{"id":3458,"date":"2025-01-22T17:31:40","date_gmt":"2025-01-22T17:31:40","guid":{"rendered":"https:\/\/welcome-prints.com\/produit\/toxic-trip\/"},"modified":"2026-04-10T01:06:10","modified_gmt":"2026-04-10T01:06:10","slug":"toxic-trip","status":"publish","type":"product","link":"https:\/\/welcome-prints.com\/en\/produit\/toxic-trip\/","title":{"rendered":"Toxic Trip"},"content":{"rendered":"<p>Pr\u00e9sentation :<\/p>\n<p>\u00ab M\u00e9lange vulgaire. De tout. Clair Obscur. Stroboscopique. Et du sexe<br \/>\nLe Frottement des corps. L\u2019\u00e9chauffement des nerfs.<br \/>\nAddictions br\u00fblantes. Pulsions p\u00e9n\u00e9trantes. Ravage animal.<br \/>\nOublier tout. Se souvenir de rien. \u00bb<\/p>\n<p>\u00ab Vulgar mix. Of all. Light. Dark. Stroboscopic. And some sex.<br \/>\nBodies friction. Nerves heating.<br \/>\nBurning addictions. Penetrating impulses. Animal mayhem.<br \/>\nForgetting everything. Remembering nothing. \u00bb<\/p>\n<p>Infos techniques :<\/p>\n<p>Affiche s\u00e9rigraphi\u00e9e 6 couleurs, 50x70cm,<br \/>\nsur papier Fedrigoni Freelife Vellum 260gr<br \/>\n38 exemplaires sign\u00e9s et num\u00e9rot\u00e9s,<br \/>\n\u00e9dition EpOx et BoTOx, Atelier Metemphase, f\u00e9vrier 2019.<\/p>\n<p>Silkscreen printed posters, 6 coulours, 50x70cm,<br \/>\non Fedrigoni Freelife Vellum 260gr paper,<br \/>\n38 copies, numbered and signed<br \/>\nEpOx et BoTOx edition, Metemphase workshop, February 2019.<\/p>\n","protected":false},"excerpt":{"rendered":"<p>Pr\u00e9sentation : \u00ab M\u00e9lange vulgaire. De tout. Clair Obscur. Stroboscopique. Et du sexe Le Frottement des corps. L\u2019\u00e9chauffement des nerfs. Addictions br\u00fblantes. Pulsions p\u00e9n\u00e9trantes. Ravage animal. Oublier tout. Se souvenir de rien. \u00bb \u00ab Vulgar mix. Of all. Light. Dark. Stroboscopic. And some sex. Bodies friction. Nerves heating. Burning addictions. Penetrating impulses. Animal mayhem. Forgetting [&hellip;]<\/p>\n","protected":false},"featured_media":3454,"template":"","meta":{"_acf_changed":false},"product_brand":[],"product_cat":[224,266,196,216,200,205],"product_tag":[],"class_list":{"0":"post-3458","1":"product","2":"type-product","3":"status-publish","4":"has-post-thumbnail","6":"product_cat-224","7":"product_cat-aude-carbone","8":"product_cat-france","9":"product_cat-grand","10":"product_cat-portrait","11":"product_cat-serigraphie","13":"first","14":"instock","15":"shipping-taxable","16":"purchasable","17":"product-type-simple"},"acf":[],"_links":{"self":[{"href":"https:\/\/welcome-prints.com\/en\/wp-json\/wp\/v2\/product\/3458","targetHints":{"allow":["GET"]}}],"collection":[{"href":"https:\/\/welcome-prints.com\/en\/wp-json\/wp\/v2\/product"}],"about":[{"href":"https:\/\/welcome-prints.com\/en\/wp-json\/wp\/v2\/types\/product"}],"wp:featuredmedia":[{"embeddable":true,"href":"https:\/\/welcome-prints.com\/en\/wp-json\/wp\/v2\/media\/3454"}],"wp:attachment":[{"href":"https:\/\/welcome-prints.com\/en\/wp-json\/wp\/v2\/media?parent=3458"}],"wp:term":[{"taxonomy":"product_brand","embeddable":true,"href":"https:\/\/welcome-prints.com\/en\/wp-json\/wp\/v2\/product_brand?post=3458"},{"taxonomy":"product_cat","embeddable":true,"href":"https:\/\/welcome-prints.com\/en\/wp-json\/wp\/v2\/product_cat?post=3458"},{"taxonomy":"product_tag","embeddable":true,"href":"https:\/\/welcome-prints.com\/en\/wp-json\/wp\/v2\/product_tag?post=3458"}],"curies":[{"name":"wp","href":"https:\/\/api.w.org\/{rel}","templated":true}]}}