{"id":3449,"date":"2025-01-22T17:22:25","date_gmt":"2025-01-22T17:22:25","guid":{"rendered":"https:\/\/welcome-prints.com\/produit\/frenesia\/"},"modified":"2026-04-09T20:38:42","modified_gmt":"2026-04-09T20:38:42","slug":"frenesia","status":"publish","type":"product","link":"https:\/\/welcome-prints.com\/en\/produit\/frenesia\/","title":{"rendered":"Frenesia"},"content":{"rendered":"<p>Pr\u00e9sentation :<\/p>\n<p>Couleurs acides, ambiance nocturne, danse fr\u00e9n\u00e9tique.<br \/>\nL\u2019\u00e9ternit\u00e9 se fige dans une vision, m\u00ealant simultan\u00e9ment la mort et la r\u00e9surrection.<br \/>\nLes \u00eatres connect\u00e9s dans une transe primitive \u00e0 travers les \u00e2ges dansent, vibrent, deviennent fr\u00e9quences.<\/p>\n<p>Acid colours, night ambiance, frenetic dance.<br \/>\nThe eternity freezes in a vision, simultaneously mixing death and resurrection.<br \/>\nConnected beings, in a primitive dance through ages, dance, vibrate, become frequences.<\/p>\n<p>Infos techniques :<\/p>\n<p>Affiche s\u00e9rigraphi\u00e9e 4 couleurs, 42\u00d759,4cm,<br \/>\nsur papier Fedrigoni Freelife Vellum 260gr<br \/>\n50 exemplaires sign\u00e9s et num\u00e9rot\u00e9s,<br \/>\n\u00e9dition EpOx et BoTOx, Atelier Metemphase, janvier 2019.<\/p>\n<p>Silkscreen printed posters, 4 colours, 42\u00d759,4cm,<br \/>\non Fedrigoni Freelife Vellum 260gr paper,<br \/>\n50 copies, numbered and signed<br \/>\nEpOx et BoTOx edition, Metemphase workshop, January 2019.<\/p>\n","protected":false},"excerpt":{"rendered":"<p>Pr\u00e9sentation : Couleurs acides, ambiance nocturne, danse fr\u00e9n\u00e9tique. L\u2019\u00e9ternit\u00e9 se fige dans une vision, m\u00ealant simultan\u00e9ment la mort et la r\u00e9surrection. Les \u00eatres connect\u00e9s dans une transe primitive \u00e0 travers les \u00e2ges dansent, vibrent, deviennent fr\u00e9quences. Acid colours, night ambiance, frenetic dance. The eternity freezes in a vision, simultaneously mixing death and resurrection. Connected beings, [&hellip;]<\/p>\n","protected":false},"featured_media":3448,"template":"","meta":{"_acf_changed":false},"product_brand":[],"product_cat":[224,266,196,216,200,205],"product_tag":[],"class_list":{"0":"post-3449","1":"product","2":"type-product","3":"status-publish","4":"has-post-thumbnail","6":"product_cat-224","7":"product_cat-aude-carbone","8":"product_cat-france","9":"product_cat-grand","10":"product_cat-portrait","11":"product_cat-serigraphie","13":"first","14":"instock","15":"shipping-taxable","16":"purchasable","17":"product-type-simple"},"acf":[],"_links":{"self":[{"href":"https:\/\/welcome-prints.com\/en\/wp-json\/wp\/v2\/product\/3449","targetHints":{"allow":["GET"]}}],"collection":[{"href":"https:\/\/welcome-prints.com\/en\/wp-json\/wp\/v2\/product"}],"about":[{"href":"https:\/\/welcome-prints.com\/en\/wp-json\/wp\/v2\/types\/product"}],"wp:featuredmedia":[{"embeddable":true,"href":"https:\/\/welcome-prints.com\/en\/wp-json\/wp\/v2\/media\/3448"}],"wp:attachment":[{"href":"https:\/\/welcome-prints.com\/en\/wp-json\/wp\/v2\/media?parent=3449"}],"wp:term":[{"taxonomy":"product_brand","embeddable":true,"href":"https:\/\/welcome-prints.com\/en\/wp-json\/wp\/v2\/product_brand?post=3449"},{"taxonomy":"product_cat","embeddable":true,"href":"https:\/\/welcome-prints.com\/en\/wp-json\/wp\/v2\/product_cat?post=3449"},{"taxonomy":"product_tag","embeddable":true,"href":"https:\/\/welcome-prints.com\/en\/wp-json\/wp\/v2\/product_tag?post=3449"}],"curies":[{"name":"wp","href":"https:\/\/api.w.org\/{rel}","templated":true}]}}