{"id":3442,"date":"2025-01-22T16:50:27","date_gmt":"2025-01-22T16:50:27","guid":{"rendered":"https:\/\/welcome-prints.com\/produit\/poseidon\/"},"modified":"2026-04-10T00:35:56","modified_gmt":"2026-04-10T00:35:56","slug":"poseidon","status":"publish","type":"product","link":"https:\/\/welcome-prints.com\/en\/produit\/poseidon\/","title":{"rendered":"Pos\u00e9idon"},"content":{"rendered":"<p>Eau forte tir\u00e9e de la s\u00e9rie Olympe<\/p>\n","protected":false},"excerpt":{"rendered":"<p>Eau forte tir\u00e9e de la s\u00e9rie Olympe<\/p>\n","protected":false},"featured_media":3441,"template":"","meta":{"_acf_changed":false},"product_brand":[],"product_cat":[212,206,210,196,215,295,200],"product_tag":[],"class_list":{"0":"post-3442","1":"product","2":"type-product","3":"status-publish","4":"has-post-thumbnail","6":"product_cat-212","7":"product_cat-aquatinte","8":"product_cat-eau-forte","9":"product_cat-france","10":"product_cat-moyen","11":"product_cat-nicolas-bical","12":"product_cat-portrait","14":"first","15":"instock","16":"shipping-taxable","17":"purchasable","18":"product-type-simple"},"acf":[],"_links":{"self":[{"href":"https:\/\/welcome-prints.com\/en\/wp-json\/wp\/v2\/product\/3442","targetHints":{"allow":["GET"]}}],"collection":[{"href":"https:\/\/welcome-prints.com\/en\/wp-json\/wp\/v2\/product"}],"about":[{"href":"https:\/\/welcome-prints.com\/en\/wp-json\/wp\/v2\/types\/product"}],"wp:featuredmedia":[{"embeddable":true,"href":"https:\/\/welcome-prints.com\/en\/wp-json\/wp\/v2\/media\/3441"}],"wp:attachment":[{"href":"https:\/\/welcome-prints.com\/en\/wp-json\/wp\/v2\/media?parent=3442"}],"wp:term":[{"taxonomy":"product_brand","embeddable":true,"href":"https:\/\/welcome-prints.com\/en\/wp-json\/wp\/v2\/product_brand?post=3442"},{"taxonomy":"product_cat","embeddable":true,"href":"https:\/\/welcome-prints.com\/en\/wp-json\/wp\/v2\/product_cat?post=3442"},{"taxonomy":"product_tag","embeddable":true,"href":"https:\/\/welcome-prints.com\/en\/wp-json\/wp\/v2\/product_tag?post=3442"}],"curies":[{"name":"wp","href":"https:\/\/api.w.org\/{rel}","templated":true}]}}