{"id":3439,"date":"2025-01-22T16:47:05","date_gmt":"2025-01-22T16:47:05","guid":{"rendered":"https:\/\/welcome-prints.com\/produit\/dionysos\/"},"modified":"2026-04-10T02:59:06","modified_gmt":"2026-04-10T02:59:06","slug":"dionysos","status":"publish","type":"product","link":"https:\/\/welcome-prints.com\/en\/produit\/dionysos\/","title":{"rendered":"Dionysos"},"content":{"rendered":"<p>Mani\u00e8re noire tir\u00e9e de la s\u00e9rie Olympe<\/p>\n","protected":false},"excerpt":{"rendered":"<p>Mani\u00e8re noire tir\u00e9e de la s\u00e9rie Olympe<\/p>\n","protected":false},"featured_media":3438,"template":"","meta":{"_acf_changed":false},"product_brand":[],"product_cat":[226,196,222,215,295,200],"product_tag":[],"class_list":{"0":"post-3439","1":"product","2":"type-product","3":"status-publish","4":"has-post-thumbnail","6":"product_cat-226","7":"product_cat-france","8":"product_cat-maniere-noire","9":"product_cat-moyen","10":"product_cat-nicolas-bical","11":"product_cat-portrait","13":"first","14":"instock","15":"shipping-taxable","16":"purchasable","17":"product-type-simple"},"acf":[],"_links":{"self":[{"href":"https:\/\/welcome-prints.com\/en\/wp-json\/wp\/v2\/product\/3439","targetHints":{"allow":["GET"]}}],"collection":[{"href":"https:\/\/welcome-prints.com\/en\/wp-json\/wp\/v2\/product"}],"about":[{"href":"https:\/\/welcome-prints.com\/en\/wp-json\/wp\/v2\/types\/product"}],"wp:featuredmedia":[{"embeddable":true,"href":"https:\/\/welcome-prints.com\/en\/wp-json\/wp\/v2\/media\/3438"}],"wp:attachment":[{"href":"https:\/\/welcome-prints.com\/en\/wp-json\/wp\/v2\/media?parent=3439"}],"wp:term":[{"taxonomy":"product_brand","embeddable":true,"href":"https:\/\/welcome-prints.com\/en\/wp-json\/wp\/v2\/product_brand?post=3439"},{"taxonomy":"product_cat","embeddable":true,"href":"https:\/\/welcome-prints.com\/en\/wp-json\/wp\/v2\/product_cat?post=3439"},{"taxonomy":"product_tag","embeddable":true,"href":"https:\/\/welcome-prints.com\/en\/wp-json\/wp\/v2\/product_tag?post=3439"}],"curies":[{"name":"wp","href":"https:\/\/api.w.org\/{rel}","templated":true}]}}