{"id":3427,"date":"2025-01-22T15:30:20","date_gmt":"2025-01-22T15:30:20","guid":{"rendered":"https:\/\/welcome-prints.com\/produit\/visage-2\/"},"modified":"2026-04-09T17:10:32","modified_gmt":"2026-04-09T17:10:32","slug":"visage-2","status":"publish","type":"product","link":"https:\/\/welcome-prints.com\/en\/produit\/visage-2\/","title":{"rendered":"Visage 2"},"content":{"rendered":"<p>Lithographie originale sur papier Fabriano Rosaspina 220g<br \/>\n\u00c9dition num\u00e9rot\u00e9e \u00e0 10 exemplaires<br \/>\n50 \u00d7 35 cm<br \/>\nSign\u00e9e et num\u00e9rot\u00e9e au crayon par l&#8217;artiste, tampon sec de l&#8217;atelier<\/p>\n<p>Vincent Tavernier a \u00e9t\u00e9 form\u00e9 aux Beaux-Arts de Versailles puis \u00e0 l&#8217;atelier de gravure toulonnais Encre d&#8217;art. Il est install\u00e9 aujourd&#8217;hui \u00e0 Marseille o\u00f9 il travaille dans son atelier du quartier du Cours Julien.<\/p>\n<p>Tr\u00e8s influenc\u00e9 par le peintre et graveur Emil Nolde et le mouvement Die Br\u00fccke, il a \u00e9galement un pied dans le monde de l&#8217;illustration jeunesse et ses cr\u00e9ations peuvent parfois \u00eatre \u00e9galement rattach\u00e9es \u00e0 l&#8217;Art brut et \u00e0 l&#8217;Art na\u00eff.<\/p>\n<p>Son travail est expressif, expressionniste, po\u00e9tique et parfois m\u00e9lancolique. La gravure taille d&#8217;\u00e9pargne (lino et bois) est son m\u00e9dium de cr\u00e9ation principal, elle est pour lui un v\u00e9ritable mode d&#8217;expression \u00e0 part enti\u00e8re, un &#8220;langage autonome&#8221;. Dans le travail de Vincent on ne peut d\u00e9tacher l&#8217;artiste de ses gouges, c&#8217;est un tout. Il pratique \u00e9galement r\u00e9guli\u00e8rement la peinture, notamment dans des carnets \u00e0 dessin o\u00f9 il laisse exploser son go\u00fbt pour les couleurs vives, et la lithographie.<\/p>\n","protected":false},"excerpt":{"rendered":"<p>Lithographie originale sur papier Fabriano Rosaspina 220g \u00c9dition num\u00e9rot\u00e9e \u00e0 10 exemplaires 50 \u00d7 35 cm Sign\u00e9e et num\u00e9rot\u00e9e au crayon par l&#8217;artiste, tampon sec de l&#8217;atelier Vincent Tavernier a \u00e9t\u00e9 form\u00e9 aux Beaux-Arts de Versailles puis \u00e0 l&#8217;atelier de gravure toulonnais Encre d&#8217;art. Il est install\u00e9 aujourd&#8217;hui \u00e0 Marseille o\u00f9 il travaille dans son [&hellip;]<\/p>\n","protected":false},"featured_media":3425,"template":"","meta":{"_acf_changed":false},"product_brand":[],"product_cat":[212,193,191,196,216,204,198,200,294],"product_tag":[],"class_list":{"0":"post-3427","1":"product","2":"type-product","3":"status-publish","4":"has-post-thumbnail","6":"product_cat-212","7":"product_cat-annees","8":"product_cat-artistes","9":"product_cat-france","10":"product_cat-grand","11":"product_cat-lithographie","12":"product_cat-orientation","13":"product_cat-portrait","14":"product_cat-vincent-tavernier","16":"first","17":"instock","18":"shipping-taxable","19":"purchasable","20":"product-type-simple"},"acf":[],"_links":{"self":[{"href":"https:\/\/welcome-prints.com\/en\/wp-json\/wp\/v2\/product\/3427","targetHints":{"allow":["GET"]}}],"collection":[{"href":"https:\/\/welcome-prints.com\/en\/wp-json\/wp\/v2\/product"}],"about":[{"href":"https:\/\/welcome-prints.com\/en\/wp-json\/wp\/v2\/types\/product"}],"wp:featuredmedia":[{"embeddable":true,"href":"https:\/\/welcome-prints.com\/en\/wp-json\/wp\/v2\/media\/3425"}],"wp:attachment":[{"href":"https:\/\/welcome-prints.com\/en\/wp-json\/wp\/v2\/media?parent=3427"}],"wp:term":[{"taxonomy":"product_brand","embeddable":true,"href":"https:\/\/welcome-prints.com\/en\/wp-json\/wp\/v2\/product_brand?post=3427"},{"taxonomy":"product_cat","embeddable":true,"href":"https:\/\/welcome-prints.com\/en\/wp-json\/wp\/v2\/product_cat?post=3427"},{"taxonomy":"product_tag","embeddable":true,"href":"https:\/\/welcome-prints.com\/en\/wp-json\/wp\/v2\/product_tag?post=3427"}],"curies":[{"name":"wp","href":"https:\/\/api.w.org\/{rel}","templated":true}]}}