{"id":3390,"date":"2025-01-20T20:53:12","date_gmt":"2025-01-20T20:53:12","guid":{"rendered":"https:\/\/welcome-prints.com\/produit\/mea-culpa\/"},"modified":"2026-05-06T13:02:05","modified_gmt":"2026-05-06T13:02:05","slug":"mea-culpa","status":"publish","type":"product","link":"https:\/\/welcome-prints.com\/en\/produit\/mea-culpa\/","title":{"rendered":"Mea Culpa"},"content":{"rendered":"<p>Pr\u00e9sentation :<\/p>\n<p>Pri\u00e8re \u00e0 un fant\u00f4me.<br \/>\nImage religieuse o\u00f9 chaque \u00e9l\u00e9ment trouve sa place dans la sc\u00e8ne du crime. De la pieuse sorcellerie au mysticisme aveugle, la m\u00e8re de sa protection outranci\u00e8re commet l\u2019infanticide moral.<\/p>\n<p>Prayer to a ghost.<br \/>\nReligious picture where every element find its place in the crime scene. From the pious witchcraft to the blind mysticism, the mother by her outrageous protection commits the moral infanticide.<\/p>\n<p>Infos techniques :<\/p>\n<p>Affiche s\u00e9rigraphi\u00e9e 5 couleurs, 50x70cm,<br \/>\nsur papier Fedrigoni Freelife Vellum 260gr<br \/>\n37 exemplaires sign\u00e9s et num\u00e9rot\u00e9s,<br \/>\n\u00e9dition EpOx et BoTOx, Atelier Metemphase, d\u00e9cembre 2018.<\/p>\n<p>Silkscreen printed posters, 5 coulours, 50x70cm,<br \/>\non Fedrigoni Freelife Vellum 260gr paper,<br \/>\n37 copies, numbered and signed<br \/>\nEpOx et BoTOx edition, Metemphase workshop, December 2018.<\/p>\n","protected":false},"excerpt":{"rendered":"<p>Pr\u00e9sentation : Pri\u00e8re \u00e0 un fant\u00f4me. Image religieuse o\u00f9 chaque \u00e9l\u00e9ment trouve sa place dans la sc\u00e8ne du crime. De la pieuse sorcellerie au mysticisme aveugle, la m\u00e8re de sa protection outranci\u00e8re commet l\u2019infanticide moral. Prayer to a ghost. Religious picture where every element find its place in the crime scene. From the pious witchcraft [&hellip;]<\/p>\n","protected":false},"featured_media":3385,"template":"","meta":{"_acf_changed":false},"product_brand":[],"product_cat":[236,266,196,216,200,205],"product_tag":[],"class_list":{"0":"post-3390","1":"product","2":"type-product","3":"status-publish","4":"has-post-thumbnail","6":"product_cat-236","7":"product_cat-aude-carbone","8":"product_cat-france","9":"product_cat-grand","10":"product_cat-portrait","11":"product_cat-serigraphie","13":"first","14":"instock","15":"shipping-taxable","16":"purchasable","17":"product-type-simple"},"acf":[],"_links":{"self":[{"href":"https:\/\/welcome-prints.com\/en\/wp-json\/wp\/v2\/product\/3390","targetHints":{"allow":["GET"]}}],"collection":[{"href":"https:\/\/welcome-prints.com\/en\/wp-json\/wp\/v2\/product"}],"about":[{"href":"https:\/\/welcome-prints.com\/en\/wp-json\/wp\/v2\/types\/product"}],"wp:featuredmedia":[{"embeddable":true,"href":"https:\/\/welcome-prints.com\/en\/wp-json\/wp\/v2\/media\/3385"}],"wp:attachment":[{"href":"https:\/\/welcome-prints.com\/en\/wp-json\/wp\/v2\/media?parent=3390"}],"wp:term":[{"taxonomy":"product_brand","embeddable":true,"href":"https:\/\/welcome-prints.com\/en\/wp-json\/wp\/v2\/product_brand?post=3390"},{"taxonomy":"product_cat","embeddable":true,"href":"https:\/\/welcome-prints.com\/en\/wp-json\/wp\/v2\/product_cat?post=3390"},{"taxonomy":"product_tag","embeddable":true,"href":"https:\/\/welcome-prints.com\/en\/wp-json\/wp\/v2\/product_tag?post=3390"}],"curies":[{"name":"wp","href":"https:\/\/api.w.org\/{rel}","templated":true}]}}