{"id":3374,"date":"2025-01-20T20:30:39","date_gmt":"2025-01-20T20:30:39","guid":{"rendered":"https:\/\/welcome-prints.com\/produit\/triple-gene\/"},"modified":"2026-04-10T00:35:37","modified_gmt":"2026-04-10T00:35:37","slug":"triple-gene","status":"publish","type":"product","link":"https:\/\/welcome-prints.com\/en\/produit\/triple-gene\/","title":{"rendered":"Triple G\u00eane"},"content":{"rendered":"<p>Pr\u00e9sentation :<\/p>\n<p>\u00ab \u00d4 Spectateur impie, voyeur de ce drame fig\u00e9<br \/>\nOuvre ton oeil et suis les regards<br \/>\nSuis la chair qui coule comme un fluide<br \/>\nSes m\u00e9andres contrari\u00e9s qui racontent sa chute.<br \/>\nLes yeux indiquent quels chemins suivre<br \/>\nLes mains rejoignent les p\u00e9rils<br \/>\n\u00c0 chaque \u00e9tape, une \u00e9nigme<br \/>\nAutant de t\u00e2ches \u00e0 d\u00e9crypter.<br \/>\napprends \u00e0 lire entre les lignes,<br \/>\nLes lignes de vie qui se contractent<br \/>\nDu globe c\u00e9leste au f\u00e9tide Barathre. \u00bb [\u2026]<\/p>\n<p>\u00ab O impious spectator, voyeur of this frozen drama<br \/>\nOpen your eye and follow the glances<br \/>\nFollow the flesh that flows like a fluid<br \/>\nIts thwarted meanders that tell of its fall.<br \/>\nThe eyes indicate which paths to follow<br \/>\nHands join the perils<br \/>\nAt each step, an enigma<br \/>\nSo many tasks to decipher.<br \/>\nlearn to read between the lines,<br \/>\nThe contracting lines of life<br \/>\nFrom celestial globe to fetid Barathre. \u00bb [\u2026]<\/p>\n<p>Infos techniques :<\/p>\n<p>Affiche s\u00e9rigraphi\u00e9e 9 couleurs, 50x70cm,<br \/>\nsur papier Fedrigoni Sirio Black 290gr<br \/>\n24 exemplaires sign\u00e9s et num\u00e9rot\u00e9s,<br \/>\nimpressions Atelier Metemphase, novembre 2023.<\/p>\n<p>Silkscreen printed posters, 9 colours, 50x70cm,<br \/>\non paper Fedrigoni Sirio Black 260gr,<br \/>\n24 copies, stamped numbered and signed,<br \/>\nprinted at Metemphase workshop, November 2023.<\/p>\n","protected":false},"excerpt":{"rendered":"<p>Pr\u00e9sentation : \u00ab \u00d4 Spectateur impie, voyeur de ce drame fig\u00e9 Ouvre ton oeil et suis les regards Suis la chair qui coule comme un fluide Ses m\u00e9andres contrari\u00e9s qui racontent sa chute. Les yeux indiquent quels chemins suivre Les mains rejoignent les p\u00e9rils \u00c0 chaque \u00e9tape, une \u00e9nigme Autant de t\u00e2ches \u00e0 d\u00e9crypter. apprends [&hellip;]<\/p>\n","protected":false},"featured_media":3369,"template":"","meta":{"_acf_changed":false},"product_brand":[],"product_cat":[212,266,196,216,200,205],"product_tag":[],"class_list":{"0":"post-3374","1":"product","2":"type-product","3":"status-publish","4":"has-post-thumbnail","6":"product_cat-212","7":"product_cat-aude-carbone","8":"product_cat-france","9":"product_cat-grand","10":"product_cat-portrait","11":"product_cat-serigraphie","13":"first","14":"instock","15":"shipping-taxable","16":"purchasable","17":"product-type-simple"},"acf":[],"_links":{"self":[{"href":"https:\/\/welcome-prints.com\/en\/wp-json\/wp\/v2\/product\/3374","targetHints":{"allow":["GET"]}}],"collection":[{"href":"https:\/\/welcome-prints.com\/en\/wp-json\/wp\/v2\/product"}],"about":[{"href":"https:\/\/welcome-prints.com\/en\/wp-json\/wp\/v2\/types\/product"}],"wp:featuredmedia":[{"embeddable":true,"href":"https:\/\/welcome-prints.com\/en\/wp-json\/wp\/v2\/media\/3369"}],"wp:attachment":[{"href":"https:\/\/welcome-prints.com\/en\/wp-json\/wp\/v2\/media?parent=3374"}],"wp:term":[{"taxonomy":"product_brand","embeddable":true,"href":"https:\/\/welcome-prints.com\/en\/wp-json\/wp\/v2\/product_brand?post=3374"},{"taxonomy":"product_cat","embeddable":true,"href":"https:\/\/welcome-prints.com\/en\/wp-json\/wp\/v2\/product_cat?post=3374"},{"taxonomy":"product_tag","embeddable":true,"href":"https:\/\/welcome-prints.com\/en\/wp-json\/wp\/v2\/product_tag?post=3374"}],"curies":[{"name":"wp","href":"https:\/\/api.w.org\/{rel}","templated":true}]}}