{"id":3368,"date":"2025-01-20T20:25:57","date_gmt":"2025-01-20T20:25:57","guid":{"rendered":"https:\/\/welcome-prints.com\/produit\/danse-de-salem\/"},"modified":"2026-04-09T22:26:09","modified_gmt":"2026-04-09T22:26:09","slug":"danse-de-salem","status":"publish","type":"product","link":"https:\/\/welcome-prints.com\/en\/produit\/danse-de-salem\/","title":{"rendered":"Danse de Salem"},"content":{"rendered":"<p>Titre : Danse de Salem<br \/>\nTechnique : Xylogravure + retouches finales peinture \u2013 50 exemplaires num\u00e9rot\u00e9s et sign\u00e9s \u2013 2023, sur Fabriano blanc cass\u00e9 210gr<br \/>\nImpression : sur les presses de Medium Rare<\/p>\n<p>Dessin original sur plaque de bois (30x40cm) par Aude Carbone<br \/>\nGravure et impression r\u00e9alis\u00e9es par l\u2019artiste graveur Jean-Marie Picard (Medium Rare)<br \/>\nCette collaboration s\u2019est faite sur une proposition de Michel Pennec (librairie-galerie HumuS \u2013 Lausanne, Suisse), \u00e0 l\u2019occasion de l\u2019exposition \u00ab Faune Intestine \u00bb (dec-janv 23)<\/p>\n<p>&#8220;Domina Domina est !<br \/>\nSi elle souffre pour te plaire,<br \/>\nTu expieras par sa chair.<br \/>\nDomina Domina est !<br \/>\nDu Pole Dance \u00e0 la potence,<br \/>\nDu latex pour seule sentence.<br \/>\nDomina Domina est !&#8221;<\/p>\n","protected":false},"excerpt":{"rendered":"<p>Titre : Danse de Salem Technique : Xylogravure + retouches finales peinture \u2013 50 exemplaires num\u00e9rot\u00e9s et sign\u00e9s \u2013 2023, sur Fabriano blanc cass\u00e9 210gr Impression : sur les presses de Medium Rare Dessin original sur plaque de bois (30x40cm) par Aude Carbone Gravure et impression r\u00e9alis\u00e9es par l\u2019artiste graveur Jean-Marie Picard (Medium Rare) Cette [&hellip;]<\/p>\n","protected":false},"featured_media":3359,"template":"","meta":{"_acf_changed":false},"product_brand":[],"product_cat":[212,266,196,216,200,252],"product_tag":[],"class_list":{"0":"post-3368","1":"product","2":"type-product","3":"status-publish","4":"has-post-thumbnail","6":"product_cat-212","7":"product_cat-aude-carbone","8":"product_cat-france","9":"product_cat-grand","10":"product_cat-portrait","11":"product_cat-xylographie","13":"first","14":"instock","15":"shipping-taxable","16":"purchasable","17":"product-type-simple"},"acf":[],"_links":{"self":[{"href":"https:\/\/welcome-prints.com\/en\/wp-json\/wp\/v2\/product\/3368","targetHints":{"allow":["GET"]}}],"collection":[{"href":"https:\/\/welcome-prints.com\/en\/wp-json\/wp\/v2\/product"}],"about":[{"href":"https:\/\/welcome-prints.com\/en\/wp-json\/wp\/v2\/types\/product"}],"wp:featuredmedia":[{"embeddable":true,"href":"https:\/\/welcome-prints.com\/en\/wp-json\/wp\/v2\/media\/3359"}],"wp:attachment":[{"href":"https:\/\/welcome-prints.com\/en\/wp-json\/wp\/v2\/media?parent=3368"}],"wp:term":[{"taxonomy":"product_brand","embeddable":true,"href":"https:\/\/welcome-prints.com\/en\/wp-json\/wp\/v2\/product_brand?post=3368"},{"taxonomy":"product_cat","embeddable":true,"href":"https:\/\/welcome-prints.com\/en\/wp-json\/wp\/v2\/product_cat?post=3368"},{"taxonomy":"product_tag","embeddable":true,"href":"https:\/\/welcome-prints.com\/en\/wp-json\/wp\/v2\/product_tag?post=3368"}],"curies":[{"name":"wp","href":"https:\/\/api.w.org\/{rel}","templated":true}]}}