{"id":3358,"date":"2025-01-20T20:18:12","date_gmt":"2025-01-20T20:18:12","guid":{"rendered":"https:\/\/welcome-prints.com\/produit\/autophage\/"},"modified":"2026-04-10T00:35:44","modified_gmt":"2026-04-10T00:35:44","slug":"autophage","status":"publish","type":"product","link":"https:\/\/welcome-prints.com\/en\/produit\/autophage\/","title":{"rendered":"Autophage"},"content":{"rendered":"<p>Pr\u00e9sentation :<\/p>\n<p>&#8220;O\u00f9 s\u2019arr\u00eate le corps commence l\u2019esprit<br \/>\nQui s\u2019acharne \u00e0 dresser cette \u00e9paisse viande :<br \/>\nChair \u00e0 buffet pour l\u2019anthropophage.<br \/>\nLe pantin passif perd bient\u00f4t la t\u00eate<br \/>\nQui s\u2019ampute et s\u2019affranchit<br \/>\nDe ce poids mort qui la portait<br \/>\nDe ce corps lourd qui l\u2019entravait.<br \/>\nEt dans la toile de ses complexes<br \/>\nElle encorde ce qui l\u2019\u00e9trique<br \/>\nEt d\u00e9vore ce qui la ronge.&#8221;<\/p>\n<p>Infos techniques :<\/p>\n<p>Affiche s\u00e9rigraphi\u00e9e 10 couleurs, 50x70cm,<br \/>\nsur papier Fedrigoni Freelife Vellum 260gr<br \/>\n27 exemplaires gaufr\u00e9s, sign\u00e9s et num\u00e9rot\u00e9s,<br \/>\nimprim\u00e9 \u00e0 l\u2019atelier Metemphase, ao\u00fbt 2024.<\/p>\n<p>Silkscreen printed posters, 10 colours, 50x70cm,<br \/>\non paper Fedrigoni Freelife Vellum 260gr,<br \/>\n27 copies, stamped numbered and signed,<br \/>\nprinted at Metemphase workshop, August 2024.<\/p>\n","protected":false},"excerpt":{"rendered":"<p>Pr\u00e9sentation : &#8220;O\u00f9 s\u2019arr\u00eate le corps commence l\u2019esprit Qui s\u2019acharne \u00e0 dresser cette \u00e9paisse viande : Chair \u00e0 buffet pour l\u2019anthropophage. Le pantin passif perd bient\u00f4t la t\u00eate Qui s\u2019ampute et s\u2019affranchit De ce poids mort qui la portait De ce corps lourd qui l\u2019entravait. Et dans la toile de ses complexes Elle encorde ce [&hellip;]<\/p>\n","protected":false},"featured_media":3353,"template":"","meta":{"_acf_changed":false},"product_brand":[],"product_cat":[226,266,196,216,200,205],"product_tag":[],"class_list":{"0":"post-3358","1":"product","2":"type-product","3":"status-publish","4":"has-post-thumbnail","6":"product_cat-226","7":"product_cat-aude-carbone","8":"product_cat-france","9":"product_cat-grand","10":"product_cat-portrait","11":"product_cat-serigraphie","13":"first","14":"instock","15":"shipping-taxable","16":"purchasable","17":"product-type-simple"},"acf":[],"_links":{"self":[{"href":"https:\/\/welcome-prints.com\/en\/wp-json\/wp\/v2\/product\/3358","targetHints":{"allow":["GET"]}}],"collection":[{"href":"https:\/\/welcome-prints.com\/en\/wp-json\/wp\/v2\/product"}],"about":[{"href":"https:\/\/welcome-prints.com\/en\/wp-json\/wp\/v2\/types\/product"}],"wp:featuredmedia":[{"embeddable":true,"href":"https:\/\/welcome-prints.com\/en\/wp-json\/wp\/v2\/media\/3353"}],"wp:attachment":[{"href":"https:\/\/welcome-prints.com\/en\/wp-json\/wp\/v2\/media?parent=3358"}],"wp:term":[{"taxonomy":"product_brand","embeddable":true,"href":"https:\/\/welcome-prints.com\/en\/wp-json\/wp\/v2\/product_brand?post=3358"},{"taxonomy":"product_cat","embeddable":true,"href":"https:\/\/welcome-prints.com\/en\/wp-json\/wp\/v2\/product_cat?post=3358"},{"taxonomy":"product_tag","embeddable":true,"href":"https:\/\/welcome-prints.com\/en\/wp-json\/wp\/v2\/product_tag?post=3358"}],"curies":[{"name":"wp","href":"https:\/\/api.w.org\/{rel}","templated":true}]}}