{"id":3352,"date":"2025-01-20T20:10:42","date_gmt":"2025-01-20T20:10:42","guid":{"rendered":"https:\/\/welcome-prints.com\/produit\/parabloid\/"},"modified":"2026-04-09T13:28:10","modified_gmt":"2026-04-09T13:28:10","slug":"parabloid","status":"publish","type":"product","link":"https:\/\/welcome-prints.com\/en\/produit\/parabloid\/","title":{"rendered":"Parablo\u00efd"},"content":{"rendered":"<p>Technique : Linogravure \u2013 25 exemplaires num\u00e9rot\u00e9s et sign\u00e9s \u2013 oct. 2024, sur papier Magnani Incisioni, 310g, blanc<br \/>\nDessin : Aude Carbone &#8211; Gravure et impression : Emilien Maricot<\/p>\n<p>&#8220;Sous l\u2019oreille s\u2019ouvre une br\u00e8che<br \/>\nFendant l\u2019\u00e9corce jusqu\u2019\u00e0 la tempe<br \/>\nEt d\u2019o\u00f9 suinte un goutte \u00e0 goutte,<br \/>\nDont le bruit couvre celui du temps,<br \/>\nDont la liqueur floue la raison. [\u2026]&#8221;<\/p>\n","protected":false},"excerpt":{"rendered":"<p>Technique : Linogravure \u2013 25 exemplaires num\u00e9rot\u00e9s et sign\u00e9s \u2013 oct. 2024, sur papier Magnani Incisioni, 310g, blanc Dessin : Aude Carbone &#8211; Gravure et impression : Emilien Maricot &#8220;Sous l\u2019oreille s\u2019ouvre une br\u00e8che Fendant l\u2019\u00e9corce jusqu\u2019\u00e0 la tempe Et d\u2019o\u00f9 suinte un goutte \u00e0 goutte, Dont le bruit couvre celui du temps, Dont la [&hellip;]<\/p>\n","protected":false},"featured_media":3347,"template":"","meta":{"_acf_changed":false},"product_brand":[],"product_cat":[226,266,196,216,228,200],"product_tag":[],"class_list":{"0":"post-3352","1":"product","2":"type-product","3":"status-publish","4":"has-post-thumbnail","6":"product_cat-226","7":"product_cat-aude-carbone","8":"product_cat-france","9":"product_cat-grand","10":"product_cat-linogravure","11":"product_cat-portrait","13":"first","14":"instock","15":"shipping-taxable","16":"purchasable","17":"product-type-simple"},"acf":[],"_links":{"self":[{"href":"https:\/\/welcome-prints.com\/en\/wp-json\/wp\/v2\/product\/3352","targetHints":{"allow":["GET"]}}],"collection":[{"href":"https:\/\/welcome-prints.com\/en\/wp-json\/wp\/v2\/product"}],"about":[{"href":"https:\/\/welcome-prints.com\/en\/wp-json\/wp\/v2\/types\/product"}],"wp:featuredmedia":[{"embeddable":true,"href":"https:\/\/welcome-prints.com\/en\/wp-json\/wp\/v2\/media\/3347"}],"wp:attachment":[{"href":"https:\/\/welcome-prints.com\/en\/wp-json\/wp\/v2\/media?parent=3352"}],"wp:term":[{"taxonomy":"product_brand","embeddable":true,"href":"https:\/\/welcome-prints.com\/en\/wp-json\/wp\/v2\/product_brand?post=3352"},{"taxonomy":"product_cat","embeddable":true,"href":"https:\/\/welcome-prints.com\/en\/wp-json\/wp\/v2\/product_cat?post=3352"},{"taxonomy":"product_tag","embeddable":true,"href":"https:\/\/welcome-prints.com\/en\/wp-json\/wp\/v2\/product_tag?post=3352"}],"curies":[{"name":"wp","href":"https:\/\/api.w.org\/{rel}","templated":true}]}}