{"id":3335,"date":"2025-01-15T19:49:44","date_gmt":"2025-01-15T19:49:44","guid":{"rendered":"https:\/\/welcome-prints.com\/produit\/vers-la-mer\/"},"modified":"2026-04-09T13:15:55","modified_gmt":"2026-04-09T13:15:55","slug":"vers-la-mer","status":"publish","type":"product","link":"https:\/\/welcome-prints.com\/en\/produit\/vers-la-mer\/","title":{"rendered":"Vers la mer"},"content":{"rendered":"<p>&#8220;La s\u00e9rie de la rencontre&#8221;<br \/>\nLorsque j&#8217;habitais \u00e0 Toulon, j\u2019allais souvent \u00e0 la plage pour regarder la belle M\u00e9diterran\u00e9e couleur d&#8217;azur.<\/p>\n<p>Technique:<br \/>\nEau-forte sur cuivre, papier chinois imprim\u00e9 en couleur jet d\u2019encre pos\u00e9 en chine-coll\u00e9<\/p>\n<p>Edition:<br \/>\n10 exemplaires de chaque sign\u00e9s et num\u00e9rot\u00e9s<\/p>\n","protected":false},"excerpt":{"rendered":"<p>&#8220;La s\u00e9rie de la rencontre&#8221; Lorsque j&#8217;habitais \u00e0 Toulon, j\u2019allais souvent \u00e0 la plage pour regarder la belle M\u00e9diterran\u00e9e couleur d&#8217;azur. Technique: Eau-forte sur cuivre, papier chinois imprim\u00e9 en couleur jet d\u2019encre pos\u00e9 en chine-coll\u00e9 Edition: 10 exemplaires de chaque sign\u00e9s et num\u00e9rot\u00e9s<\/p>\n","protected":false},"featured_media":3321,"template":"","meta":{"_acf_changed":false},"product_brand":[],"product_cat":[238,206,280,210,196,216,201,248],"product_tag":[],"class_list":{"0":"post-3335","1":"product","2":"type-product","3":"status-publish","4":"has-post-thumbnail","6":"product_cat-238","7":"product_cat-aquatinte","8":"product_cat-catherine-cheong","9":"product_cat-eau-forte","10":"product_cat-france","11":"product_cat-grand","12":"product_cat-paysage","13":"product_cat-techniques-mixtes","15":"first","16":"instock","17":"shipping-taxable","18":"purchasable","19":"product-type-simple"},"acf":[],"_links":{"self":[{"href":"https:\/\/welcome-prints.com\/en\/wp-json\/wp\/v2\/product\/3335","targetHints":{"allow":["GET"]}}],"collection":[{"href":"https:\/\/welcome-prints.com\/en\/wp-json\/wp\/v2\/product"}],"about":[{"href":"https:\/\/welcome-prints.com\/en\/wp-json\/wp\/v2\/types\/product"}],"wp:featuredmedia":[{"embeddable":true,"href":"https:\/\/welcome-prints.com\/en\/wp-json\/wp\/v2\/media\/3321"}],"wp:attachment":[{"href":"https:\/\/welcome-prints.com\/en\/wp-json\/wp\/v2\/media?parent=3335"}],"wp:term":[{"taxonomy":"product_brand","embeddable":true,"href":"https:\/\/welcome-prints.com\/en\/wp-json\/wp\/v2\/product_brand?post=3335"},{"taxonomy":"product_cat","embeddable":true,"href":"https:\/\/welcome-prints.com\/en\/wp-json\/wp\/v2\/product_cat?post=3335"},{"taxonomy":"product_tag","embeddable":true,"href":"https:\/\/welcome-prints.com\/en\/wp-json\/wp\/v2\/product_tag?post=3335"}],"curies":[{"name":"wp","href":"https:\/\/api.w.org\/{rel}","templated":true}]}}