{"id":3334,"date":"2025-01-15T19:46:58","date_gmt":"2025-01-15T19:46:58","guid":{"rendered":"https:\/\/welcome-prints.com\/produit\/bonifacio\/"},"modified":"2026-04-09T13:53:48","modified_gmt":"2026-04-09T13:53:48","slug":"bonifacio","status":"publish","type":"product","link":"https:\/\/welcome-prints.com\/en\/produit\/bonifacio\/","title":{"rendered":"Bonifacio"},"content":{"rendered":"<p>&#8220;La s\u00e9rie de la rencontre&#8221;<br \/>\n\u00c0 l\u2019\u00e9t\u00e9 2008, je suis all\u00e9e \u00e0 Bonifacio en Corse pour un emploi d\u2019\u00e9t\u00e9. C&#8217;est une station baln\u00e9aire, entour\u00e9e de falaises de calcaire en bord de la mer, qui forment un paysage pittoresque.<\/p>\n<p>Technique:<br \/>\nEau-forte sur cuivre, papier chinois imprim\u00e9 en couleur jet d\u2019encre pos\u00e9 en chine-coll\u00e9<\/p>\n<p>Edition:<br \/>\n10 exemplaires de chaque sign\u00e9s et num\u00e9rot\u00e9s<\/p>\n","protected":false},"excerpt":{"rendered":"<p>&#8220;La s\u00e9rie de la rencontre&#8221; \u00c0 l\u2019\u00e9t\u00e9 2008, je suis all\u00e9e \u00e0 Bonifacio en Corse pour un emploi d\u2019\u00e9t\u00e9. C&#8217;est une station baln\u00e9aire, entour\u00e9e de falaises de calcaire en bord de la mer, qui forment un paysage pittoresque. Technique: Eau-forte sur cuivre, papier chinois imprim\u00e9 en couleur jet d\u2019encre pos\u00e9 en chine-coll\u00e9 Edition: 10 exemplaires [&hellip;]<\/p>\n","protected":false},"featured_media":3310,"template":"","meta":{"_acf_changed":false},"product_brand":[],"product_cat":[238,206,280,210,216,201,248],"product_tag":[],"class_list":{"0":"post-3334","1":"product","2":"type-product","3":"status-publish","4":"has-post-thumbnail","6":"product_cat-238","7":"product_cat-aquatinte","8":"product_cat-catherine-cheong","9":"product_cat-eau-forte","10":"product_cat-grand","11":"product_cat-paysage","12":"product_cat-techniques-mixtes","14":"first","15":"instock","16":"shipping-taxable","17":"purchasable","18":"product-type-simple"},"acf":[],"_links":{"self":[{"href":"https:\/\/welcome-prints.com\/en\/wp-json\/wp\/v2\/product\/3334","targetHints":{"allow":["GET"]}}],"collection":[{"href":"https:\/\/welcome-prints.com\/en\/wp-json\/wp\/v2\/product"}],"about":[{"href":"https:\/\/welcome-prints.com\/en\/wp-json\/wp\/v2\/types\/product"}],"wp:featuredmedia":[{"embeddable":true,"href":"https:\/\/welcome-prints.com\/en\/wp-json\/wp\/v2\/media\/3310"}],"wp:attachment":[{"href":"https:\/\/welcome-prints.com\/en\/wp-json\/wp\/v2\/media?parent=3334"}],"wp:term":[{"taxonomy":"product_brand","embeddable":true,"href":"https:\/\/welcome-prints.com\/en\/wp-json\/wp\/v2\/product_brand?post=3334"},{"taxonomy":"product_cat","embeddable":true,"href":"https:\/\/welcome-prints.com\/en\/wp-json\/wp\/v2\/product_cat?post=3334"},{"taxonomy":"product_tag","embeddable":true,"href":"https:\/\/welcome-prints.com\/en\/wp-json\/wp\/v2\/product_tag?post=3334"}],"curies":[{"name":"wp","href":"https:\/\/api.w.org\/{rel}","templated":true}]}}