{"id":3333,"date":"2025-01-15T19:44:28","date_gmt":"2025-01-15T19:44:28","guid":{"rendered":"https:\/\/welcome-prints.com\/produit\/mme-simon\/"},"modified":"2026-04-09T11:52:10","modified_gmt":"2026-04-09T11:52:10","slug":"mme-simon","status":"publish","type":"product","link":"https:\/\/welcome-prints.com\/en\/produit\/mme-simon\/","title":{"rendered":"Mme Simon"},"content":{"rendered":"<p>La s\u00e9rie de &#8220;la rencontre&#8221;<br \/>\nEn arrivant \u00e0 Aix-en-Provence, j&#8217;ai rencontr\u00e9 Wei, une amie chinoise \u00e0 l&#8217;auberge de jeunesse; nous avons lou\u00e9 deux chambres chez Mme SIMON, d&#8217;o\u00f9 on peut voir par la fen\u00eatre la c\u00e9l\u00e8bre Montagne Sainte-Victoire.<\/p>\n<p>Technique:<br \/>\nEau-forte sur cuivre, papier chinois imprim\u00e9 en couleur jet d\u2019encre pos\u00e9 en chine-coll\u00e9<\/p>\n<p>Edition:<br \/>\n10 exemplaires de chaque sign\u00e9s et num\u00e9rot\u00e9s<\/p>\n","protected":false},"excerpt":{"rendered":"<p>La s\u00e9rie de &#8220;la rencontre&#8221; En arrivant \u00e0 Aix-en-Provence, j&#8217;ai rencontr\u00e9 Wei, une amie chinoise \u00e0 l&#8217;auberge de jeunesse; nous avons lou\u00e9 deux chambres chez Mme SIMON, d&#8217;o\u00f9 on peut voir par la fen\u00eatre la c\u00e9l\u00e8bre Montagne Sainte-Victoire. Technique: Eau-forte sur cuivre, papier chinois imprim\u00e9 en couleur jet d\u2019encre pos\u00e9 en chine-coll\u00e9 Edition: 10 exemplaires [&hellip;]<\/p>\n","protected":false},"featured_media":3319,"template":"","meta":{"_acf_changed":false},"product_brand":[],"product_cat":[270,206,280,210,196,215,201,248],"product_tag":[],"class_list":{"0":"post-3333","1":"product","2":"type-product","3":"status-publish","4":"has-post-thumbnail","6":"product_cat-270","7":"product_cat-aquatinte","8":"product_cat-catherine-cheong","9":"product_cat-eau-forte","10":"product_cat-france","11":"product_cat-moyen","12":"product_cat-paysage","13":"product_cat-techniques-mixtes","15":"first","16":"instock","17":"shipping-taxable","18":"purchasable","19":"product-type-simple"},"acf":[],"_links":{"self":[{"href":"https:\/\/welcome-prints.com\/en\/wp-json\/wp\/v2\/product\/3333","targetHints":{"allow":["GET"]}}],"collection":[{"href":"https:\/\/welcome-prints.com\/en\/wp-json\/wp\/v2\/product"}],"about":[{"href":"https:\/\/welcome-prints.com\/en\/wp-json\/wp\/v2\/types\/product"}],"wp:featuredmedia":[{"embeddable":true,"href":"https:\/\/welcome-prints.com\/en\/wp-json\/wp\/v2\/media\/3319"}],"wp:attachment":[{"href":"https:\/\/welcome-prints.com\/en\/wp-json\/wp\/v2\/media?parent=3333"}],"wp:term":[{"taxonomy":"product_brand","embeddable":true,"href":"https:\/\/welcome-prints.com\/en\/wp-json\/wp\/v2\/product_brand?post=3333"},{"taxonomy":"product_cat","embeddable":true,"href":"https:\/\/welcome-prints.com\/en\/wp-json\/wp\/v2\/product_cat?post=3333"},{"taxonomy":"product_tag","embeddable":true,"href":"https:\/\/welcome-prints.com\/en\/wp-json\/wp\/v2\/product_tag?post=3333"}],"curies":[{"name":"wp","href":"https:\/\/api.w.org\/{rel}","templated":true}]}}