{"id":3332,"date":"2025-01-15T19:42:20","date_gmt":"2025-01-15T19:42:20","guid":{"rendered":"https:\/\/welcome-prints.com\/produit\/mme-mai\/"},"modified":"2026-04-10T05:26:46","modified_gmt":"2026-04-10T05:26:46","slug":"mme-mai","status":"publish","type":"product","link":"https:\/\/welcome-prints.com\/en\/produit\/mme-mai\/","title":{"rendered":"Mme Mai"},"content":{"rendered":"<p>La s\u00e9rie de &#8220;la rencontre&#8221;<br \/>\nMme Mai est mon deuxi\u00e8me propri\u00e9taire vietnamienne. Elle a rencontr\u00e9 son mari fran\u00e7ais au Vietnam quand elle \u00e9tait jeune, mais Mais il est d\u00e9c\u00e9d\u00e9 peu de temps apr\u00e8s. Alors elle a d\u00fb faire venir ses deux fils en France pour gagner sa vie. \u00c0 la fin, elle a \u00e9lev\u00e9 deux fils par ses mains.<br \/>\nLorsque j\u2019ai habit\u00e9 chez elle, j\u2019ai appris beaucoup de choses sur la r\u00e9alit\u00e9 des relations humaines ! A mon retour \u00e0 Aix en 2014, je voulais lui offert ce portrait et la remercier, mais malheureusement elle est d\u00e9c\u00e9d\u00e9e, j&#8217;esp\u00e8re qu&#8217;elle retrouve son mari dans un autre monde et vivre heureuse.<\/p>\n<p>Technique:<br \/>\nEau-forte sur cuivre, papier chinois imprim\u00e9 en couleur jet d\u2019encre pos\u00e9 en chine-coll\u00e9<\/p>\n<p>Edition:<br \/>\n10 exemplaires de chaque sign\u00e9s et num\u00e9rot\u00e9s<\/p>\n","protected":false},"excerpt":{"rendered":"<p>La s\u00e9rie de &#8220;la rencontre&#8221; Mme Mai est mon deuxi\u00e8me propri\u00e9taire vietnamienne. Elle a rencontr\u00e9 son mari fran\u00e7ais au Vietnam quand elle \u00e9tait jeune, mais Mais il est d\u00e9c\u00e9d\u00e9 peu de temps apr\u00e8s. Alors elle a d\u00fb faire venir ses deux fils en France pour gagner sa vie. \u00c0 la fin, elle a \u00e9lev\u00e9 deux [&hellip;]<\/p>\n","protected":false},"featured_media":3318,"template":"","meta":{"_acf_changed":false},"product_brand":[],"product_cat":[270,206,280,210,196,215,201,248],"product_tag":[],"class_list":{"0":"post-3332","1":"product","2":"type-product","3":"status-publish","4":"has-post-thumbnail","6":"product_cat-270","7":"product_cat-aquatinte","8":"product_cat-catherine-cheong","9":"product_cat-eau-forte","10":"product_cat-france","11":"product_cat-moyen","12":"product_cat-paysage","13":"product_cat-techniques-mixtes","15":"first","16":"instock","17":"shipping-taxable","18":"purchasable","19":"product-type-simple"},"acf":[],"_links":{"self":[{"href":"https:\/\/welcome-prints.com\/en\/wp-json\/wp\/v2\/product\/3332","targetHints":{"allow":["GET"]}}],"collection":[{"href":"https:\/\/welcome-prints.com\/en\/wp-json\/wp\/v2\/product"}],"about":[{"href":"https:\/\/welcome-prints.com\/en\/wp-json\/wp\/v2\/types\/product"}],"wp:featuredmedia":[{"embeddable":true,"href":"https:\/\/welcome-prints.com\/en\/wp-json\/wp\/v2\/media\/3318"}],"wp:attachment":[{"href":"https:\/\/welcome-prints.com\/en\/wp-json\/wp\/v2\/media?parent=3332"}],"wp:term":[{"taxonomy":"product_brand","embeddable":true,"href":"https:\/\/welcome-prints.com\/en\/wp-json\/wp\/v2\/product_brand?post=3332"},{"taxonomy":"product_cat","embeddable":true,"href":"https:\/\/welcome-prints.com\/en\/wp-json\/wp\/v2\/product_cat?post=3332"},{"taxonomy":"product_tag","embeddable":true,"href":"https:\/\/welcome-prints.com\/en\/wp-json\/wp\/v2\/product_tag?post=3332"}],"curies":[{"name":"wp","href":"https:\/\/api.w.org\/{rel}","templated":true}]}}