{"id":3329,"date":"2025-01-15T19:30:10","date_gmt":"2025-01-15T19:30:10","guid":{"rendered":"https:\/\/welcome-prints.com\/produit\/un-mur-de-notre-dame-de-la-garde\/"},"modified":"2026-04-09T11:40:56","modified_gmt":"2026-04-09T11:40:56","slug":"un-mur-de-notre-dame-de-la-garde","status":"publish","type":"product","link":"https:\/\/welcome-prints.com\/en\/produit\/un-mur-de-notre-dame-de-la-garde\/","title":{"rendered":"Un mur de Notre-Dame de la Garde"},"content":{"rendered":"<p>La s\u00e9rie de &#8220;la rencontre&#8221;<br \/>\nUne visite de Notre-Dame-de-la-Garde, la basilique catholique romaine, un point de rep\u00e8re majeur de Marseille. L&#8217;int\u00e9rieur est d\u00e9cor\u00e9 de marbre, de mosa\u00efques et de fresques. Les murs de l\u2019\u00e9glise sont couverts de tableaux.<\/p>\n<p>Technique:<br \/>\nEau-forte sur cuivre, papier chinois imprim\u00e9 en couleur jet d\u2019encre pos\u00e9 en chine-coll\u00e9<\/p>\n<p>Edition:<br \/>\n10 exemplaires de chaque sign\u00e9s et num\u00e9rot\u00e9s<\/p>\n","protected":false},"excerpt":{"rendered":"<p>La s\u00e9rie de &#8220;la rencontre&#8221; Une visite de Notre-Dame-de-la-Garde, la basilique catholique romaine, un point de rep\u00e8re majeur de Marseille. L&#8217;int\u00e9rieur est d\u00e9cor\u00e9 de marbre, de mosa\u00efques et de fresques. Les murs de l\u2019\u00e9glise sont couverts de tableaux. Technique: Eau-forte sur cuivre, papier chinois imprim\u00e9 en couleur jet d\u2019encre pos\u00e9 en chine-coll\u00e9 Edition: 10 exemplaires [&hellip;]<\/p>\n","protected":false},"featured_media":3328,"template":"","meta":{"_acf_changed":false},"product_brand":[],"product_cat":[238,206,280,210,196,215,201,248],"product_tag":[],"class_list":{"0":"post-3329","1":"product","2":"type-product","3":"status-publish","4":"has-post-thumbnail","6":"product_cat-238","7":"product_cat-aquatinte","8":"product_cat-catherine-cheong","9":"product_cat-eau-forte","10":"product_cat-france","11":"product_cat-moyen","12":"product_cat-paysage","13":"product_cat-techniques-mixtes","15":"first","16":"instock","17":"shipping-taxable","18":"purchasable","19":"product-type-simple"},"acf":[],"_links":{"self":[{"href":"https:\/\/welcome-prints.com\/en\/wp-json\/wp\/v2\/product\/3329","targetHints":{"allow":["GET"]}}],"collection":[{"href":"https:\/\/welcome-prints.com\/en\/wp-json\/wp\/v2\/product"}],"about":[{"href":"https:\/\/welcome-prints.com\/en\/wp-json\/wp\/v2\/types\/product"}],"wp:featuredmedia":[{"embeddable":true,"href":"https:\/\/welcome-prints.com\/en\/wp-json\/wp\/v2\/media\/3328"}],"wp:attachment":[{"href":"https:\/\/welcome-prints.com\/en\/wp-json\/wp\/v2\/media?parent=3329"}],"wp:term":[{"taxonomy":"product_brand","embeddable":true,"href":"https:\/\/welcome-prints.com\/en\/wp-json\/wp\/v2\/product_brand?post=3329"},{"taxonomy":"product_cat","embeddable":true,"href":"https:\/\/welcome-prints.com\/en\/wp-json\/wp\/v2\/product_cat?post=3329"},{"taxonomy":"product_tag","embeddable":true,"href":"https:\/\/welcome-prints.com\/en\/wp-json\/wp\/v2\/product_tag?post=3329"}],"curies":[{"name":"wp","href":"https:\/\/api.w.org\/{rel}","templated":true}]}}