{"id":3327,"date":"2025-01-15T19:17:58","date_gmt":"2025-01-15T19:17:58","guid":{"rendered":"https:\/\/welcome-prints.com\/produit\/champs-de-lavande\/"},"modified":"2026-04-09T20:22:39","modified_gmt":"2026-04-09T20:22:39","slug":"champs-de-lavande","status":"publish","type":"product","link":"https:\/\/welcome-prints.com\/en\/produit\/champs-de-lavande\/","title":{"rendered":"Champs de lavande"},"content":{"rendered":"<p>La s\u00e9rie de &#8220;la rencontre&#8221;<br \/>\nChaque ann\u00e9e, la saison de la lavande attire de nombreux visiteurs \u00e0 Valensole, o\u00f9 se trouver la plus importante plantation de lavande du sud de la France. On peut se laisser tenter par les champs de lavande, on appuye doucement sur la fleur avec la main, il se d\u00e9gage un parfum relaxant.<\/p>\n<p>Technique:<br \/>\nEau-forte sur cuivre, papier chinois imprim\u00e9 en couleur jet d\u2019encre pos\u00e9 en chine-coll\u00e9<\/p>\n<p>Edition:<br \/>\n10 exemplaires de chaque sign\u00e9s et num\u00e9rot\u00e9s<\/p>\n","protected":false},"excerpt":{"rendered":"<p>La s\u00e9rie de &#8220;la rencontre&#8221; Chaque ann\u00e9e, la saison de la lavande attire de nombreux visiteurs \u00e0 Valensole, o\u00f9 se trouver la plus importante plantation de lavande du sud de la France. On peut se laisser tenter par les champs de lavande, on appuye doucement sur la fleur avec la main, il se d\u00e9gage un [&hellip;]<\/p>\n","protected":false},"featured_media":3314,"template":"","meta":{"_acf_changed":false},"product_brand":[],"product_cat":[238,206,280,210,196,215,201,248],"product_tag":[],"class_list":{"0":"post-3327","1":"product","2":"type-product","3":"status-publish","4":"has-post-thumbnail","6":"product_cat-238","7":"product_cat-aquatinte","8":"product_cat-catherine-cheong","9":"product_cat-eau-forte","10":"product_cat-france","11":"product_cat-moyen","12":"product_cat-paysage","13":"product_cat-techniques-mixtes","15":"first","16":"instock","17":"shipping-taxable","18":"purchasable","19":"product-type-simple"},"acf":[],"_links":{"self":[{"href":"https:\/\/welcome-prints.com\/en\/wp-json\/wp\/v2\/product\/3327","targetHints":{"allow":["GET"]}}],"collection":[{"href":"https:\/\/welcome-prints.com\/en\/wp-json\/wp\/v2\/product"}],"about":[{"href":"https:\/\/welcome-prints.com\/en\/wp-json\/wp\/v2\/types\/product"}],"wp:featuredmedia":[{"embeddable":true,"href":"https:\/\/welcome-prints.com\/en\/wp-json\/wp\/v2\/media\/3314"}],"wp:attachment":[{"href":"https:\/\/welcome-prints.com\/en\/wp-json\/wp\/v2\/media?parent=3327"}],"wp:term":[{"taxonomy":"product_brand","embeddable":true,"href":"https:\/\/welcome-prints.com\/en\/wp-json\/wp\/v2\/product_brand?post=3327"},{"taxonomy":"product_cat","embeddable":true,"href":"https:\/\/welcome-prints.com\/en\/wp-json\/wp\/v2\/product_cat?post=3327"},{"taxonomy":"product_tag","embeddable":true,"href":"https:\/\/welcome-prints.com\/en\/wp-json\/wp\/v2\/product_tag?post=3327"}],"curies":[{"name":"wp","href":"https:\/\/api.w.org\/{rel}","templated":true}]}}