{"id":3326,"date":"2025-01-15T19:14:58","date_gmt":"2025-01-15T19:14:58","guid":{"rendered":"https:\/\/welcome-prints.com\/produit\/un-ete-en-france\/"},"modified":"2026-04-09T09:39:38","modified_gmt":"2026-04-09T09:39:38","slug":"un-ete-en-france","status":"publish","type":"product","link":"https:\/\/welcome-prints.com\/en\/produit\/un-ete-en-france\/","title":{"rendered":"Un \u00e9t\u00e9 en France"},"content":{"rendered":"<p>La s\u00e9rie de &#8220;la rencontre&#8221;<br \/>\nC&#8217;\u00e9tait en 2006, une amie de Macao, Tracy, qui pr\u00e9voyait de venir d\u2019\u00e9tudier en France avec moi. On est all\u00e9es \u00e0 Toulouse pour rendre visite \u00e0 Alice KOK, une \u00e9tudiante des beaux-arts pr\u00e9sent\u00e9e par l&#8217;enseignant de photographie Frank Lei, pour nous informer sur les \u00e9tudes en France, et passer les vacances d\u2019\u00e9t\u00e9. Par une chaude journ\u00e9e, nous sommes all\u00e9es au bord de la rivi\u00e8re pour nous rafra\u00eechir.<\/p>\n<p>Technique:<br \/>\nEau-forte sur cuivre, papier chinois imprim\u00e9 en couleur jet d\u2019encre pos\u00e9 en chine-coll\u00e9<\/p>\n<p>Edition:<br \/>\n10 exemplaires de chaque sign\u00e9s et num\u00e9rot\u00e9s<\/p>\n","protected":false},"excerpt":{"rendered":"<p>La s\u00e9rie de &#8220;la rencontre&#8221; C&#8217;\u00e9tait en 2006, une amie de Macao, Tracy, qui pr\u00e9voyait de venir d\u2019\u00e9tudier en France avec moi. On est all\u00e9es \u00e0 Toulouse pour rendre visite \u00e0 Alice KOK, une \u00e9tudiante des beaux-arts pr\u00e9sent\u00e9e par l&#8217;enseignant de photographie Frank Lei, pour nous informer sur les \u00e9tudes en France, et passer les [&hellip;]<\/p>\n","protected":false},"featured_media":3323,"template":"","meta":{"_acf_changed":false},"product_brand":[],"product_cat":[270,206,280,210,196,215,201,248],"product_tag":[],"class_list":{"0":"post-3326","1":"product","2":"type-product","3":"status-publish","4":"has-post-thumbnail","6":"product_cat-270","7":"product_cat-aquatinte","8":"product_cat-catherine-cheong","9":"product_cat-eau-forte","10":"product_cat-france","11":"product_cat-moyen","12":"product_cat-paysage","13":"product_cat-techniques-mixtes","15":"first","16":"instock","17":"shipping-taxable","18":"purchasable","19":"product-type-simple"},"acf":[],"_links":{"self":[{"href":"https:\/\/welcome-prints.com\/en\/wp-json\/wp\/v2\/product\/3326","targetHints":{"allow":["GET"]}}],"collection":[{"href":"https:\/\/welcome-prints.com\/en\/wp-json\/wp\/v2\/product"}],"about":[{"href":"https:\/\/welcome-prints.com\/en\/wp-json\/wp\/v2\/types\/product"}],"wp:featuredmedia":[{"embeddable":true,"href":"https:\/\/welcome-prints.com\/en\/wp-json\/wp\/v2\/media\/3323"}],"wp:attachment":[{"href":"https:\/\/welcome-prints.com\/en\/wp-json\/wp\/v2\/media?parent=3326"}],"wp:term":[{"taxonomy":"product_brand","embeddable":true,"href":"https:\/\/welcome-prints.com\/en\/wp-json\/wp\/v2\/product_brand?post=3326"},{"taxonomy":"product_cat","embeddable":true,"href":"https:\/\/welcome-prints.com\/en\/wp-json\/wp\/v2\/product_cat?post=3326"},{"taxonomy":"product_tag","embeddable":true,"href":"https:\/\/welcome-prints.com\/en\/wp-json\/wp\/v2\/product_tag?post=3326"}],"curies":[{"name":"wp","href":"https:\/\/api.w.org\/{rel}","templated":true}]}}