{"id":3325,"date":"2025-01-15T19:09:25","date_gmt":"2025-01-15T19:09:25","guid":{"rendered":"https:\/\/welcome-prints.com\/produit\/impression-daix-en-provence-ii\/"},"modified":"2026-04-09T17:39:43","modified_gmt":"2026-04-09T17:39:43","slug":"impression-daix-en-provence-ii","status":"publish","type":"product","link":"https:\/\/welcome-prints.com\/en\/produit\/impression-daix-en-provence-ii\/","title":{"rendered":"Impression d&#8217;Aix-en-Provence II"},"content":{"rendered":"<p>La s\u00e9rie de &#8220;la rencontre&#8221;<br \/>\nDans la vielle ville d&#8217;Aix, il y a un appartement, dont j\u2019ai entendu dire que c\u2019etait un appartement pour les homosexuels.<\/p>\n<p>Technique:<br \/>\nEau-forte sur cuivre, papier chinois imprim\u00e9 en couleur jet d\u2019encre pos\u00e9 en chine-coll\u00e9<\/p>\n<p>Edition:<br \/>\n10 exemplaires de chaque sign\u00e9s et num\u00e9rot\u00e9s<\/p>\n<p>Edition:<br \/>\n10 exemplaires de chaque sign\u00e9s et num\u00e9rot\u00e9s<\/p>\n","protected":false},"excerpt":{"rendered":"<p>La s\u00e9rie de &#8220;la rencontre&#8221; Dans la vielle ville d&#8217;Aix, il y a un appartement, dont j\u2019ai entendu dire que c\u2019etait un appartement pour les homosexuels. Technique: Eau-forte sur cuivre, papier chinois imprim\u00e9 en couleur jet d\u2019encre pos\u00e9 en chine-coll\u00e9 Edition: 10 exemplaires de chaque sign\u00e9s et num\u00e9rot\u00e9s Edition: 10 exemplaires de chaque sign\u00e9s et [&hellip;]<\/p>\n","protected":false},"featured_media":3313,"template":"","meta":{"_acf_changed":false},"product_brand":[],"product_cat":[270,206,280,210,196,215,201,248],"product_tag":[],"class_list":{"0":"post-3325","1":"product","2":"type-product","3":"status-publish","4":"has-post-thumbnail","6":"product_cat-270","7":"product_cat-aquatinte","8":"product_cat-catherine-cheong","9":"product_cat-eau-forte","10":"product_cat-france","11":"product_cat-moyen","12":"product_cat-paysage","13":"product_cat-techniques-mixtes","15":"first","16":"instock","17":"shipping-taxable","18":"purchasable","19":"product-type-simple"},"acf":[],"_links":{"self":[{"href":"https:\/\/welcome-prints.com\/en\/wp-json\/wp\/v2\/product\/3325","targetHints":{"allow":["GET"]}}],"collection":[{"href":"https:\/\/welcome-prints.com\/en\/wp-json\/wp\/v2\/product"}],"about":[{"href":"https:\/\/welcome-prints.com\/en\/wp-json\/wp\/v2\/types\/product"}],"wp:featuredmedia":[{"embeddable":true,"href":"https:\/\/welcome-prints.com\/en\/wp-json\/wp\/v2\/media\/3313"}],"wp:attachment":[{"href":"https:\/\/welcome-prints.com\/en\/wp-json\/wp\/v2\/media?parent=3325"}],"wp:term":[{"taxonomy":"product_brand","embeddable":true,"href":"https:\/\/welcome-prints.com\/en\/wp-json\/wp\/v2\/product_brand?post=3325"},{"taxonomy":"product_cat","embeddable":true,"href":"https:\/\/welcome-prints.com\/en\/wp-json\/wp\/v2\/product_cat?post=3325"},{"taxonomy":"product_tag","embeddable":true,"href":"https:\/\/welcome-prints.com\/en\/wp-json\/wp\/v2\/product_tag?post=3325"}],"curies":[{"name":"wp","href":"https:\/\/api.w.org\/{rel}","templated":true}]}}