{"id":3251,"date":"2024-12-31T17:51:17","date_gmt":"2024-12-31T17:51:17","guid":{"rendered":"https:\/\/welcome-prints.com\/produit\/insomnia-devora\/"},"modified":"2026-04-10T00:36:02","modified_gmt":"2026-04-10T00:36:02","slug":"insomnia-devora","status":"publish","type":"product","link":"https:\/\/welcome-prints.com\/en\/produit\/insomnia-devora\/","title":{"rendered":"Insomnia Devora"},"content":{"rendered":"<p>Pr\u00e9sentation :<\/p>\n<p>Exit la nuit et son sourire morbide, lune bl\u00eame.<br \/>\nDents blanches grin\u00e7antes, canines du Cheshire.<br \/>\nL\u2019insomnie mord et d\u00e9vore.<br \/>\nExhorte le bruit sourd des sombres songes,<br \/>\n\u00c0 rendre son tic tac ent\u00eatant \u00e0 l\u2019\u00e9cho du sommeil profond.<\/p>\n<p>Exit the night and its morbid smile, pale moon.<br \/>\nWhite gnashing teeth, Cheshire\u2019s canines.<br \/>\nInsomnia bites and devours.<br \/>\nUrge the dull thud of dark dreams,<br \/>\nTo give back its heady tick tock to the deep sleep echo.<\/p>\n<p>Infos techniques :<\/p>\n<p>Affiche s\u00e9rigraphi\u00e9e 3 couleurs, 50x70cm,<br \/>\nsur papier Fedrigoni Freelife Vellum 260gr<br \/>\n31 exemplaires sign\u00e9s et num\u00e9rot\u00e9s,<br \/>\n\u00e9dition EpOx et BoTOx, Atelier Metemphase, ao\u00fbt 2020.<\/p>\n<p>Silkscreen printed posters, 3 coulours, 50x70cm,<br \/>\non Fedrigoni Freelife Vellum 260gr paper,<br \/>\n31 copies, numbered and signed,<br \/>\nEpOx et BoTOx edition, Metemphase workshop, August 2020.<\/p>\n","protected":false},"excerpt":{"rendered":"<p>Pr\u00e9sentation : Exit la nuit et son sourire morbide, lune bl\u00eame. Dents blanches grin\u00e7antes, canines du Cheshire. L\u2019insomnie mord et d\u00e9vore. Exhorte le bruit sourd des sombres songes, \u00c0 rendre son tic tac ent\u00eatant \u00e0 l\u2019\u00e9cho du sommeil profond. Exit the night and its morbid smile, pale moon. White gnashing teeth, Cheshire\u2019s canines. Insomnia bites [&hellip;]<\/p>\n","protected":false},"featured_media":3246,"template":"","meta":{"_acf_changed":false},"product_brand":[],"product_cat":[194,266,196,216,201,205],"product_tag":[],"class_list":{"0":"post-3251","1":"product","2":"type-product","3":"status-publish","4":"has-post-thumbnail","6":"product_cat-194","7":"product_cat-aude-carbone","8":"product_cat-france","9":"product_cat-grand","10":"product_cat-paysage","11":"product_cat-serigraphie","13":"first","14":"instock","15":"shipping-taxable","16":"purchasable","17":"product-type-simple"},"acf":[],"_links":{"self":[{"href":"https:\/\/welcome-prints.com\/en\/wp-json\/wp\/v2\/product\/3251","targetHints":{"allow":["GET"]}}],"collection":[{"href":"https:\/\/welcome-prints.com\/en\/wp-json\/wp\/v2\/product"}],"about":[{"href":"https:\/\/welcome-prints.com\/en\/wp-json\/wp\/v2\/types\/product"}],"wp:featuredmedia":[{"embeddable":true,"href":"https:\/\/welcome-prints.com\/en\/wp-json\/wp\/v2\/media\/3246"}],"wp:attachment":[{"href":"https:\/\/welcome-prints.com\/en\/wp-json\/wp\/v2\/media?parent=3251"}],"wp:term":[{"taxonomy":"product_brand","embeddable":true,"href":"https:\/\/welcome-prints.com\/en\/wp-json\/wp\/v2\/product_brand?post=3251"},{"taxonomy":"product_cat","embeddable":true,"href":"https:\/\/welcome-prints.com\/en\/wp-json\/wp\/v2\/product_cat?post=3251"},{"taxonomy":"product_tag","embeddable":true,"href":"https:\/\/welcome-prints.com\/en\/wp-json\/wp\/v2\/product_tag?post=3251"}],"curies":[{"name":"wp","href":"https:\/\/api.w.org\/{rel}","templated":true}]}}