{"id":3245,"date":"2024-12-31T17:40:07","date_gmt":"2024-12-31T17:40:07","guid":{"rendered":"https:\/\/welcome-prints.com\/produit\/le-coeur-serre-de-marie\/"},"modified":"2026-04-09T11:35:27","modified_gmt":"2026-04-09T11:35:27","slug":"le-coeur-serre-de-marie","status":"publish","type":"product","link":"https:\/\/welcome-prints.com\/en\/produit\/le-coeur-serre-de-marie\/","title":{"rendered":"Le Coeur Serr\u00e9 De Marie"},"content":{"rendered":"<p>[ image d\u2019\u00e9t\u00e9 ]<br \/>\n\u00ab Cet \u00e9t\u00e9 sera religieux.<br \/>\n(Religieusement profanatoire.)<br \/>\nVient ainsi la vierge au c\u0153ur lac\u00e9, 2\u00e8me protagoniste du bin\u00f4me incestueux.<br \/>\nSi l\u2019une de ses latitudes exprime la contrition, les autres soufflent qu\u2019elle n\u2019ira point \u00e0 confesse.<br \/>\nRuban de soie, anneaux d\u2019acier et doigts band\u00e9s pour son organe qu\u2019elle cors\u00e8te.<br \/>\nSur son c\u0153ur meurtri le diable appose son pacemaker. \u00bb<\/p>\n<p>Linogravure Arches cr\u00e8me 250gr<br \/>\n22 exemplaires num\u00e9rot\u00e9s et sign\u00e9s \u2013 \u00e9t\u00e9 2021<br \/>\nImpression sur les presses de l\u2019atelier de l\u2019Ardente [Lille]<\/p>\n","protected":false},"excerpt":{"rendered":"<p>[ image d\u2019\u00e9t\u00e9 ] \u00ab Cet \u00e9t\u00e9 sera religieux. (Religieusement profanatoire.) Vient ainsi la vierge au c\u0153ur lac\u00e9, 2\u00e8me protagoniste du bin\u00f4me incestueux. Si l\u2019une de ses latitudes exprime la contrition, les autres soufflent qu\u2019elle n\u2019ira point \u00e0 confesse. Ruban de soie, anneaux d\u2019acier et doigts band\u00e9s pour son organe qu\u2019elle cors\u00e8te. Sur son c\u0153ur [&hellip;]<\/p>\n","protected":false},"featured_media":3240,"template":"","meta":{"_acf_changed":false},"product_brand":[],"product_cat":[225,266,196,228,215,200],"product_tag":[],"class_list":{"0":"post-3245","1":"product","2":"type-product","3":"status-publish","4":"has-post-thumbnail","6":"product_cat-225","7":"product_cat-aude-carbone","8":"product_cat-france","9":"product_cat-linogravure","10":"product_cat-moyen","11":"product_cat-portrait","13":"first","14":"instock","15":"shipping-taxable","16":"purchasable","17":"product-type-simple"},"acf":[],"_links":{"self":[{"href":"https:\/\/welcome-prints.com\/en\/wp-json\/wp\/v2\/product\/3245","targetHints":{"allow":["GET"]}}],"collection":[{"href":"https:\/\/welcome-prints.com\/en\/wp-json\/wp\/v2\/product"}],"about":[{"href":"https:\/\/welcome-prints.com\/en\/wp-json\/wp\/v2\/types\/product"}],"wp:featuredmedia":[{"embeddable":true,"href":"https:\/\/welcome-prints.com\/en\/wp-json\/wp\/v2\/media\/3240"}],"wp:attachment":[{"href":"https:\/\/welcome-prints.com\/en\/wp-json\/wp\/v2\/media?parent=3245"}],"wp:term":[{"taxonomy":"product_brand","embeddable":true,"href":"https:\/\/welcome-prints.com\/en\/wp-json\/wp\/v2\/product_brand?post=3245"},{"taxonomy":"product_cat","embeddable":true,"href":"https:\/\/welcome-prints.com\/en\/wp-json\/wp\/v2\/product_cat?post=3245"},{"taxonomy":"product_tag","embeddable":true,"href":"https:\/\/welcome-prints.com\/en\/wp-json\/wp\/v2\/product_tag?post=3245"}],"curies":[{"name":"wp","href":"https:\/\/api.w.org\/{rel}","templated":true}]}}