{"id":3239,"date":"2024-12-31T17:24:13","date_gmt":"2024-12-31T17:24:13","guid":{"rendered":"https:\/\/welcome-prints.com\/produit\/le-repas-des-grands\/"},"modified":"2026-04-10T03:10:54","modified_gmt":"2026-04-10T03:10:54","slug":"le-repas-des-grands","status":"publish","type":"product","link":"https:\/\/welcome-prints.com\/en\/produit\/le-repas-des-grands\/","title":{"rendered":"Le Repas Des Grands"},"content":{"rendered":"<p>Pr\u00e9sentation :<\/p>\n<p>XXIe si\u00e8cle.<br \/>\nLe Dernier Repas n\u2019est plus qu\u2019une orgie quotidienne. L\u2019esprit d\u2019origine cependant perdure : le cannibalisme bat son plein. Buffet \u00e0 volont\u00e9 de chair humaine \u00e9reint\u00e9e, de luxe outrancier et d\u2019int\u00e9r\u00eats, autour duquel s\u2019attablent et communient les ap\u00f4tres d\u00e9froqu\u00e9s du culte de soi, ministres incultes adeptes du stupre.<br \/>\nDans les sacro-saintes radiations de l\u2019Or dur, les Corps se d\u00e9litent et les \u00e2mes se d\u00e9charnent, offrant aux yeux des mortels le cirque cru des lubies h\u00e9r\u00e9tiques, le carnaval solennel des vices du faste.<br \/>\n\u00c0 l\u2019abri du Grand Divertissement, le satyre se repa\u00eet de la C\u00e8ne et se r\u00e9serve.<\/p>\n<p>21st century.<br \/>\nThe Last Supper has been reduced to a daily orgy. But the original spirit lives on: cannibalism is in full swing. An all-you-can-eat buffet of exhausted human flesh, outrageous luxury and interests, around which the defrocked apostles of self-worship, uneducated ministers of sleaze, sit and commune.<br \/>\nIn the sacrosanct radiations of hard Gold, Bodies disintegrate and souls become emaciated, offering mortal eyes the crude circus of heretical whims, the solemn carnival of the vices of pomp.<br \/>\nSheltered from the Great Entertainment, the satyr feasts on the Last Supper and keeps himself to himself.<\/p>\n<p>Infos techniques :<\/p>\n<p>Affiche s\u00e9rigraphi\u00e9e 10 couleurs, 100x64cm,<br \/>\nsur papier Fedrigoni Sirio Black 290gr<br \/>\n30 exemplaires sign\u00e9s et num\u00e9rot\u00e9s,<br \/>\nimpressions Atelier Metemphase, novembre 2024.<\/p>\n<p>Silkscreen printed posters, 10 colours, 100x64cm,<br \/>\non paper Fedrigoni Sirio Black 290gr,<br \/>\n30 copies, stamped numbered and signed,<br \/>\nprinted at Metemphase workshop, November 2024.<\/p>\n","protected":false},"excerpt":{"rendered":"<p>Pr\u00e9sentation : XXIe si\u00e8cle. Le Dernier Repas n\u2019est plus qu\u2019une orgie quotidienne. L\u2019esprit d\u2019origine cependant perdure : le cannibalisme bat son plein. Buffet \u00e0 volont\u00e9 de chair humaine \u00e9reint\u00e9e, de luxe outrancier et d\u2019int\u00e9r\u00eats, autour duquel s\u2019attablent et communient les ap\u00f4tres d\u00e9froqu\u00e9s du culte de soi, ministres incultes adeptes du stupre. Dans les sacro-saintes radiations [&hellip;]<\/p>\n","protected":false},"featured_media":3228,"template":"","meta":{"_acf_changed":false},"product_brand":[],"product_cat":[226,266,196,216,201,205],"product_tag":[],"class_list":{"0":"post-3239","1":"product","2":"type-product","3":"status-publish","4":"has-post-thumbnail","6":"product_cat-226","7":"product_cat-aude-carbone","8":"product_cat-france","9":"product_cat-grand","10":"product_cat-paysage","11":"product_cat-serigraphie","13":"first","14":"instock","15":"shipping-taxable","16":"purchasable","17":"product-type-simple"},"acf":[],"_links":{"self":[{"href":"https:\/\/welcome-prints.com\/en\/wp-json\/wp\/v2\/product\/3239","targetHints":{"allow":["GET"]}}],"collection":[{"href":"https:\/\/welcome-prints.com\/en\/wp-json\/wp\/v2\/product"}],"about":[{"href":"https:\/\/welcome-prints.com\/en\/wp-json\/wp\/v2\/types\/product"}],"wp:featuredmedia":[{"embeddable":true,"href":"https:\/\/welcome-prints.com\/en\/wp-json\/wp\/v2\/media\/3228"}],"wp:attachment":[{"href":"https:\/\/welcome-prints.com\/en\/wp-json\/wp\/v2\/media?parent=3239"}],"wp:term":[{"taxonomy":"product_brand","embeddable":true,"href":"https:\/\/welcome-prints.com\/en\/wp-json\/wp\/v2\/product_brand?post=3239"},{"taxonomy":"product_cat","embeddable":true,"href":"https:\/\/welcome-prints.com\/en\/wp-json\/wp\/v2\/product_cat?post=3239"},{"taxonomy":"product_tag","embeddable":true,"href":"https:\/\/welcome-prints.com\/en\/wp-json\/wp\/v2\/product_tag?post=3239"}],"curies":[{"name":"wp","href":"https:\/\/api.w.org\/{rel}","templated":true}]}}