{"id":3225,"date":"2024-12-29T18:14:52","date_gmt":"2024-12-29T18:14:52","guid":{"rendered":"https:\/\/welcome-prints.com\/produit\/les-bois-sonores\/"},"modified":"2026-05-06T11:08:14","modified_gmt":"2026-05-06T11:08:14","slug":"les-bois-sonores","status":"publish","type":"product","link":"https:\/\/welcome-prints.com\/en\/produit\/les-bois-sonores\/","title":{"rendered":"Les Bois Sonores"},"content":{"rendered":"<p>Lithographie\/s\u00e9rigraphie<br \/>\nEdition \u00e0 10 exemplaires, imprim\u00e9e en presse \u00e0 bras par mes soins. Timbre sec de l&#8217;atelier, sign\u00e9e et num\u00e9rot\u00e9e sur le devant.<\/p>\n","protected":false},"excerpt":{"rendered":"<p>Lithographie\/s\u00e9rigraphie Edition \u00e0 10 exemplaires, imprim\u00e9e en presse \u00e0 bras par mes soins. Timbre sec de l&#8217;atelier, sign\u00e9e et num\u00e9rot\u00e9e sur le devant.<\/p>\n","protected":false},"featured_media":3224,"template":"","meta":{"_acf_changed":false},"product_brand":[],"product_cat":[225,193,191,196,216,204,200,205],"product_tag":[],"class_list":{"0":"post-3225","1":"product","2":"type-product","3":"status-publish","4":"has-post-thumbnail","6":"product_cat-225","7":"product_cat-annees","8":"product_cat-artistes","9":"product_cat-france","10":"product_cat-grand","11":"product_cat-lithographie","12":"product_cat-portrait","13":"product_cat-serigraphie","15":"first","16":"instock","17":"shipping-taxable","18":"purchasable","19":"product-type-simple"},"acf":[],"_links":{"self":[{"href":"https:\/\/welcome-prints.com\/en\/wp-json\/wp\/v2\/product\/3225","targetHints":{"allow":["GET"]}}],"collection":[{"href":"https:\/\/welcome-prints.com\/en\/wp-json\/wp\/v2\/product"}],"about":[{"href":"https:\/\/welcome-prints.com\/en\/wp-json\/wp\/v2\/types\/product"}],"wp:featuredmedia":[{"embeddable":true,"href":"https:\/\/welcome-prints.com\/en\/wp-json\/wp\/v2\/media\/3224"}],"wp:attachment":[{"href":"https:\/\/welcome-prints.com\/en\/wp-json\/wp\/v2\/media?parent=3225"}],"wp:term":[{"taxonomy":"product_brand","embeddable":true,"href":"https:\/\/welcome-prints.com\/en\/wp-json\/wp\/v2\/product_brand?post=3225"},{"taxonomy":"product_cat","embeddable":true,"href":"https:\/\/welcome-prints.com\/en\/wp-json\/wp\/v2\/product_cat?post=3225"},{"taxonomy":"product_tag","embeddable":true,"href":"https:\/\/welcome-prints.com\/en\/wp-json\/wp\/v2\/product_tag?post=3225"}],"curies":[{"name":"wp","href":"https:\/\/api.w.org\/{rel}","templated":true}]}}