{"id":3223,"date":"2025-01-31T16:13:43","date_gmt":"2025-01-31T16:13:43","guid":{"rendered":"https:\/\/welcome-prints.com\/?post_type=product&#038;p=3223"},"modified":"2026-05-06T18:07:44","modified_gmt":"2026-05-06T18:07:44","slug":"piscita","status":"publish","type":"product","link":"https:\/\/welcome-prints.com\/en\/produit\/piscita\/","title":{"rendered":"Piscita"},"content":{"rendered":"<p>Eau forte et aquatinte<br \/>\nInspir\u00e9e de nombreux s\u00e9jours \u00e0 Stromboli, cette gravure fait partie d&#8217;une s\u00e9rie sur le th\u00e8me des volcans.<\/p>\n","protected":false},"excerpt":{"rendered":"<p>Eau forte et aquatinte Inspir\u00e9e de nombreux s\u00e9jours \u00e0 Stromboli, cette gravure fait partie d&#8217;une s\u00e9rie sur le th\u00e8me des volcans.<\/p>\n","protected":false},"featured_media":3222,"template":"","meta":{"_acf_changed":false},"product_brand":[],"product_cat":[226,206,210,196,216,200,287],"product_tag":[],"class_list":{"0":"post-3223","1":"product","2":"type-product","3":"status-publish","4":"has-post-thumbnail","6":"product_cat-226","7":"product_cat-aquatinte","8":"product_cat-eau-forte","9":"product_cat-france","10":"product_cat-grand","11":"product_cat-portrait","12":"product_cat-valerie-honnart","14":"first","15":"instock","16":"shipping-taxable","17":"purchasable","18":"product-type-simple"},"acf":[],"_links":{"self":[{"href":"https:\/\/welcome-prints.com\/en\/wp-json\/wp\/v2\/product\/3223","targetHints":{"allow":["GET"]}}],"collection":[{"href":"https:\/\/welcome-prints.com\/en\/wp-json\/wp\/v2\/product"}],"about":[{"href":"https:\/\/welcome-prints.com\/en\/wp-json\/wp\/v2\/types\/product"}],"wp:featuredmedia":[{"embeddable":true,"href":"https:\/\/welcome-prints.com\/en\/wp-json\/wp\/v2\/media\/3222"}],"wp:attachment":[{"href":"https:\/\/welcome-prints.com\/en\/wp-json\/wp\/v2\/media?parent=3223"}],"wp:term":[{"taxonomy":"product_brand","embeddable":true,"href":"https:\/\/welcome-prints.com\/en\/wp-json\/wp\/v2\/product_brand?post=3223"},{"taxonomy":"product_cat","embeddable":true,"href":"https:\/\/welcome-prints.com\/en\/wp-json\/wp\/v2\/product_cat?post=3223"},{"taxonomy":"product_tag","embeddable":true,"href":"https:\/\/welcome-prints.com\/en\/wp-json\/wp\/v2\/product_tag?post=3223"}],"curies":[{"name":"wp","href":"https:\/\/api.w.org\/{rel}","templated":true}]}}