{"id":3212,"date":"2024-12-20T09:23:03","date_gmt":"2024-12-20T09:23:03","guid":{"rendered":"https:\/\/welcome-prints.com\/produit\/birds\/"},"modified":"2026-04-10T00:37:20","modified_gmt":"2026-04-10T00:37:20","slug":"birds","status":"publish","type":"product","link":"https:\/\/welcome-prints.com\/en\/produit\/birds\/","title":{"rendered":"BIRDS"},"content":{"rendered":"<p>Edition Limit\u00e9e \u00e0 18 lithographies.<br \/>\n\u200bPapier BFK Rives Arches 250g<\/p>\n<p>Num\u00e9rot\u00e9 et sign\u00e9<br \/>\nR\u00e9alis\u00e9 avec l&#8217;Atelier Les Animals.<br \/>\nVendu sans cadre<\/p>\n","protected":false},"excerpt":{"rendered":"<p>Edition Limit\u00e9e \u00e0 18 lithographies. \u200bPapier BFK Rives Arches 250g Num\u00e9rot\u00e9 et sign\u00e9 R\u00e9alis\u00e9 avec l&#8217;Atelier Les Animals. Vendu sans cadre<\/p>\n","protected":false},"featured_media":3211,"template":"","meta":{"_acf_changed":false},"product_brand":[],"product_cat":[223,214,200],"product_tag":[],"class_list":{"0":"post-3212","1":"product","2":"type-product","3":"status-publish","4":"has-post-thumbnail","6":"product_cat-223","7":"product_cat-petit","8":"product_cat-portrait","10":"first","11":"instock","12":"shipping-taxable","13":"purchasable","14":"product-type-simple"},"acf":[],"_links":{"self":[{"href":"https:\/\/welcome-prints.com\/en\/wp-json\/wp\/v2\/product\/3212","targetHints":{"allow":["GET"]}}],"collection":[{"href":"https:\/\/welcome-prints.com\/en\/wp-json\/wp\/v2\/product"}],"about":[{"href":"https:\/\/welcome-prints.com\/en\/wp-json\/wp\/v2\/types\/product"}],"wp:featuredmedia":[{"embeddable":true,"href":"https:\/\/welcome-prints.com\/en\/wp-json\/wp\/v2\/media\/3211"}],"wp:attachment":[{"href":"https:\/\/welcome-prints.com\/en\/wp-json\/wp\/v2\/media?parent=3212"}],"wp:term":[{"taxonomy":"product_brand","embeddable":true,"href":"https:\/\/welcome-prints.com\/en\/wp-json\/wp\/v2\/product_brand?post=3212"},{"taxonomy":"product_cat","embeddable":true,"href":"https:\/\/welcome-prints.com\/en\/wp-json\/wp\/v2\/product_cat?post=3212"},{"taxonomy":"product_tag","embeddable":true,"href":"https:\/\/welcome-prints.com\/en\/wp-json\/wp\/v2\/product_tag?post=3212"}],"curies":[{"name":"wp","href":"https:\/\/api.w.org\/{rel}","templated":true}]}}