{"id":3206,"date":"2024-12-20T09:19:26","date_gmt":"2024-12-20T09:19:26","guid":{"rendered":"https:\/\/welcome-prints.com\/produit\/layer\/"},"modified":"2026-04-09T23:14:52","modified_gmt":"2026-04-09T23:14:52","slug":"layer","status":"publish","type":"product","link":"https:\/\/welcome-prints.com\/en\/produit\/layer\/","title":{"rendered":"LAYER"},"content":{"rendered":"<p>Lithographie.<br \/>\nEdition limit\u00e9e \u00e0 10 exemplaries.<br \/>\nPapier Fabriano &#8211; 300gr<br \/>\nNum\u00e9rot\u00e9 et sign\u00e9<br \/>\nR\u00e9alis\u00e9 avec l&#8217;Atelier les Animals.<br \/>\nVendu sans cadre<\/p>\n","protected":false},"excerpt":{"rendered":"<p>Lithographie. Edition limit\u00e9e \u00e0 10 exemplaries. Papier Fabriano &#8211; 300gr Num\u00e9rot\u00e9 et sign\u00e9 R\u00e9alis\u00e9 avec l&#8217;Atelier les Animals. Vendu sans cadre<\/p>\n","protected":false},"featured_media":3204,"template":"","meta":{"_acf_changed":false},"product_brand":[],"product_cat":[226,216,200],"product_tag":[],"class_list":{"0":"post-3206","1":"product","2":"type-product","3":"status-publish","4":"has-post-thumbnail","6":"product_cat-226","7":"product_cat-grand","8":"product_cat-portrait","10":"first","11":"instock","12":"shipping-taxable","13":"purchasable","14":"product-type-simple"},"acf":[],"_links":{"self":[{"href":"https:\/\/welcome-prints.com\/en\/wp-json\/wp\/v2\/product\/3206","targetHints":{"allow":["GET"]}}],"collection":[{"href":"https:\/\/welcome-prints.com\/en\/wp-json\/wp\/v2\/product"}],"about":[{"href":"https:\/\/welcome-prints.com\/en\/wp-json\/wp\/v2\/types\/product"}],"wp:featuredmedia":[{"embeddable":true,"href":"https:\/\/welcome-prints.com\/en\/wp-json\/wp\/v2\/media\/3204"}],"wp:attachment":[{"href":"https:\/\/welcome-prints.com\/en\/wp-json\/wp\/v2\/media?parent=3206"}],"wp:term":[{"taxonomy":"product_brand","embeddable":true,"href":"https:\/\/welcome-prints.com\/en\/wp-json\/wp\/v2\/product_brand?post=3206"},{"taxonomy":"product_cat","embeddable":true,"href":"https:\/\/welcome-prints.com\/en\/wp-json\/wp\/v2\/product_cat?post=3206"},{"taxonomy":"product_tag","embeddable":true,"href":"https:\/\/welcome-prints.com\/en\/wp-json\/wp\/v2\/product_tag?post=3206"}],"curies":[{"name":"wp","href":"https:\/\/api.w.org\/{rel}","templated":true}]}}