{"id":3199,"date":"2024-12-20T09:14:15","date_gmt":"2024-12-20T09:14:15","guid":{"rendered":"https:\/\/welcome-prints.com\/produit\/grave\/"},"modified":"2026-04-09T17:32:18","modified_gmt":"2026-04-09T17:32:18","slug":"grave","status":"publish","type":"product","link":"https:\/\/welcome-prints.com\/en\/produit\/grave\/","title":{"rendered":"GRAVE"},"content":{"rendered":"<p>Gravure sur Bois<br \/>\nEdition Limit\u00e9e \u00e0 20 exemplaires.<br \/>\nPapier Fabriano 250gr<br \/>\nNum\u00e9rot\u00e9 et sign\u00e9<br \/>\nR\u00e9alis\u00e9 avec L&#8217;Atelier les Animals.<br \/>\nVendu sans cadre<\/p>\n","protected":false},"excerpt":{"rendered":"<p>Gravure sur Bois Edition Limit\u00e9e \u00e0 20 exemplaires. Papier Fabriano 250gr Num\u00e9rot\u00e9 et sign\u00e9 R\u00e9alis\u00e9 avec L&#8217;Atelier les Animals. Vendu sans cadre<\/p>\n","protected":false},"featured_media":3198,"template":"","meta":{"_acf_changed":false},"product_brand":[],"product_cat":[212,215,200],"product_tag":[],"class_list":{"0":"post-3199","1":"product","2":"type-product","3":"status-publish","4":"has-post-thumbnail","6":"product_cat-212","7":"product_cat-moyen","8":"product_cat-portrait","10":"first","11":"instock","12":"shipping-taxable","13":"purchasable","14":"product-type-simple"},"acf":[],"_links":{"self":[{"href":"https:\/\/welcome-prints.com\/en\/wp-json\/wp\/v2\/product\/3199","targetHints":{"allow":["GET"]}}],"collection":[{"href":"https:\/\/welcome-prints.com\/en\/wp-json\/wp\/v2\/product"}],"about":[{"href":"https:\/\/welcome-prints.com\/en\/wp-json\/wp\/v2\/types\/product"}],"wp:featuredmedia":[{"embeddable":true,"href":"https:\/\/welcome-prints.com\/en\/wp-json\/wp\/v2\/media\/3198"}],"wp:attachment":[{"href":"https:\/\/welcome-prints.com\/en\/wp-json\/wp\/v2\/media?parent=3199"}],"wp:term":[{"taxonomy":"product_brand","embeddable":true,"href":"https:\/\/welcome-prints.com\/en\/wp-json\/wp\/v2\/product_brand?post=3199"},{"taxonomy":"product_cat","embeddable":true,"href":"https:\/\/welcome-prints.com\/en\/wp-json\/wp\/v2\/product_cat?post=3199"},{"taxonomy":"product_tag","embeddable":true,"href":"https:\/\/welcome-prints.com\/en\/wp-json\/wp\/v2\/product_tag?post=3199"}],"curies":[{"name":"wp","href":"https:\/\/api.w.org\/{rel}","templated":true}]}}