{"id":3180,"date":"2024-12-12T09:16:55","date_gmt":"2024-12-12T09:16:55","guid":{"rendered":"https:\/\/welcome-prints.com\/produit\/le-reflet\/"},"modified":"2026-04-09T17:32:39","modified_gmt":"2026-04-09T17:32:39","slug":"le-reflet","status":"publish","type":"product","link":"https:\/\/welcome-prints.com\/en\/produit\/le-reflet\/","title":{"rendered":"Le reflet"},"content":{"rendered":"<p>Cette \u0153uvre est le fruit d&#8217;une r\u00e9sidence \u00e0 Charroux, en Poitou, o\u00f9 je me suis interrog\u00e9e : comment rencontrer des gens et tisser du lien \u00e0 travers la cr\u00e9ation artistique ?<br \/>\nPour r\u00e9pondre \u00e0 cette probl\u00e9matique, j\u2019ai entrepris de r\u00e9aliser le portrait du lieu o\u00f9 je vivais, mais aussi celui des personnes que je croisais. Ce projet a donn\u00e9 naissance \u00e0 un panorama grav\u00e9 de 3 m\u00e8tres de long, compos\u00e9 de plus de 80 linogravures, chacune t\u00e9moignant d\u2019une rencontre, d\u2019un instant ou d\u2019une impression partag\u00e9e.<\/p>\n<p>Le Reflet, issu de cet ensemble, est une \u0153uvre singuli\u00e8re. Ce reflet n&#8217;existe pas vraiment : il est une reconstitution, une vue r\u00eav\u00e9e, recompos\u00e9e depuis la fen\u00eatre de mon atelier. \u00c0 travers cette gravure, je transmets une vision personnelle, celle d\u2019un lieu fa\u00e7onn\u00e9 autant par mes perceptions que par les \u00e9changes humains qui l\u2019ont enrichi.<\/p>\n","protected":false},"excerpt":{"rendered":"<p>Cette \u0153uvre est le fruit d&#8217;une r\u00e9sidence \u00e0 Charroux, en Poitou, o\u00f9 je me suis interrog\u00e9e : comment rencontrer des gens et tisser du lien \u00e0 travers la cr\u00e9ation artistique ? Pour r\u00e9pondre \u00e0 cette probl\u00e9matique, j\u2019ai entrepris de r\u00e9aliser le portrait du lieu o\u00f9 je vivais, mais aussi celui des personnes que je croisais. [&hellip;]<\/p>\n","protected":false},"featured_media":3179,"template":"","meta":{"_acf_changed":false},"product_brand":[],"product_cat":[223,196,216,241,228,201],"product_tag":[],"class_list":{"0":"post-3180","1":"product","2":"type-product","3":"status-publish","4":"has-post-thumbnail","6":"product_cat-223","7":"product_cat-france","8":"product_cat-grand","9":"product_cat-laura-loriers","10":"product_cat-linogravure","11":"product_cat-paysage","13":"first","14":"instock","15":"shipping-taxable","16":"purchasable","17":"product-type-simple"},"acf":[],"_links":{"self":[{"href":"https:\/\/welcome-prints.com\/en\/wp-json\/wp\/v2\/product\/3180","targetHints":{"allow":["GET"]}}],"collection":[{"href":"https:\/\/welcome-prints.com\/en\/wp-json\/wp\/v2\/product"}],"about":[{"href":"https:\/\/welcome-prints.com\/en\/wp-json\/wp\/v2\/types\/product"}],"wp:featuredmedia":[{"embeddable":true,"href":"https:\/\/welcome-prints.com\/en\/wp-json\/wp\/v2\/media\/3179"}],"wp:attachment":[{"href":"https:\/\/welcome-prints.com\/en\/wp-json\/wp\/v2\/media?parent=3180"}],"wp:term":[{"taxonomy":"product_brand","embeddable":true,"href":"https:\/\/welcome-prints.com\/en\/wp-json\/wp\/v2\/product_brand?post=3180"},{"taxonomy":"product_cat","embeddable":true,"href":"https:\/\/welcome-prints.com\/en\/wp-json\/wp\/v2\/product_cat?post=3180"},{"taxonomy":"product_tag","embeddable":true,"href":"https:\/\/welcome-prints.com\/en\/wp-json\/wp\/v2\/product_tag?post=3180"}],"curies":[{"name":"wp","href":"https:\/\/api.w.org\/{rel}","templated":true}]}}